{"id":102,"date":"2022-04-25T14:30:18","date_gmt":"2022-04-25T14:30:18","guid":{"rendered":"https:\/\/museosvirtuales.ar\/?page_id=102"},"modified":"2025-10-26T17:15:29","modified_gmt":"2025-10-26T17:15:29","slug":"escobar","status":"publish","type":"page","link":"https:\/\/museosvirtuales.net.ar\/index.php\/escobar\/","title":{"rendered":"Bel\u00e9n de Escobar"},"content":{"rendered":"\n<div class=\"wp-block-image\"><figure class=\"aligncenter size-large\"><img loading=\"lazy\" width=\"1024\" height=\"854\" src=\"https:\/\/museosvirtuales.ar\/wp-content\/uploads\/2022\/04\/Municipalidad-escobar-1024x854.jpeg\" alt=\"\" class=\"wp-image-103\" srcset=\"https:\/\/museosvirtuales.net.ar\/wp-content\/uploads\/2022\/04\/Municipalidad-escobar-1024x854.jpeg 1024w, https:\/\/museosvirtuales.net.ar\/wp-content\/uploads\/2022\/04\/Municipalidad-escobar-300x250.jpeg 300w, https:\/\/museosvirtuales.net.ar\/wp-content\/uploads\/2022\/04\/Municipalidad-escobar-768x640.jpeg 768w, https:\/\/museosvirtuales.net.ar\/wp-content\/uploads\/2022\/04\/Municipalidad-escobar-1536x1280.jpeg 1536w, https:\/\/museosvirtuales.net.ar\/wp-content\/uploads\/2022\/04\/Municipalidad-escobar.jpeg 1761w\" sizes=\"(max-width: 767px) 89vw, (max-width: 1000px) 54vw, (max-width: 1071px) 543px, 580px\" \/><\/figure><\/div>\n\n\n\n<p><p align=\"justify\">El Partido de Escobar se encuentra situado a 50 kil\u00f3metros al noreste de la Ciudad Aut\u00f3noma de Buenos Aires y es uno de los distritos con mayor crecimiento poblacional del conurbano bonaerense. Limita con los partidos de Campana, Pilar, Malvinas Argentinas, Tigre y las islas que pertenecen a San Fernando, y est\u00e1 conformado por las localidades de Bel\u00e9n de Escobar, Matheu, Gar\u00edn, Maquinista Savio, Ingeniero Maschwitz y Loma Verde.<\/p>\n\n\n\n<p><strong>Museos<\/strong><\/p>\n\n\n\n<p><a href=\"https:\/\/museosvirtuales.net.ar\/index.php\/museocampiglia\/\">Museo Dr. Agust\u00edn Campiglia<\/a><\/p>\n\n\n\n<p><a href=\"https:\/\/museosvirtuales.net.ar\/index.php\/museoferroamigos\/\">Museo del Tren &#8220;Ferroamigos Club Escobar&#8221;<\/a><\/p>\n\n\n\n<p><strong>Como llegar a Bel\u00e9n de Escobar<\/strong><\/p>\n\n\n\n<p align=\"center\"><iframe src=\"https:\/\/www.google.com\/maps\/embed?pb=!1m18!1m12!1m3!1d105421.25684184818!2d-58.86286736722135!3d-34.3399331600646!2m3!1f0!2f0!3f0!3m2!1i1024!2i768!4f13.1!3m3!1m2!1s0x95bb61ad1ddf8915%3A0x70f239e49e8c37af!2sBel%C3%A9n%20de%20Escobar%2C%20Provincia%20de%20Buenos%20Aires!5e0!3m2!1ses!2sar!4v1650895933552!5m2!1ses!2sar\" width=\"600\" height=\"450\" style=\"border:0;\" allowfullscreen=\"\" loading=\"lazy\" referrerpolicy=\"no-referrer-when-downgrade\"><\/iframe><\/p>\n","protected":false},"excerpt":{"rendered":"<p>El Partido de Escobar se encuentra situado a 50 kil\u00f3metros al noreste de la Ciudad Aut\u00f3noma de Buenos Aires y es uno de los distritos con mayor crecimiento poblacional del conurbano bonaerense. Limita con los partidos de Campana, Pilar, Malvinas Argentinas, Tigre y las islas que pertenecen a San Fernando, y est\u00e1 conformado por las &hellip; <\/p>\n<p class=\"link-more\"><a href=\"https:\/\/museosvirtuales.net.ar\/index.php\/escobar\/\" class=\"more-link\">Continue reading<span class=\"screen-reader-text\"> &#8220;Bel\u00e9n de Escobar&#8221;<\/span><\/a><\/p>\n","protected":false},"author":1,"featured_media":0,"parent":0,"menu_order":0,"comment_status":"closed","ping_status":"closed","template":"","meta":[],"_links":{"self":[{"href":"https:\/\/museosvirtuales.net.ar\/index.php\/wp-json\/wp\/v2\/pages\/102"}],"collection":[{"href":"https:\/\/museosvirtuales.net.ar\/index.php\/wp-json\/wp\/v2\/pages"}],"about":[{"href":"https:\/\/museosvirtuales.net.ar\/index.php\/wp-json\/wp\/v2\/types\/page"}],"author":[{"embeddable":true,"href":"https:\/\/museosvirtuales.net.ar\/index.php\/wp-json\/wp\/v2\/users\/1"}],"replies":[{"embeddable":true,"href":"https:\/\/museosvirtuales.net.ar\/index.php\/wp-json\/wp\/v2\/comments?post=102"}],"version-history":[{"count":3,"href":"https:\/\/museosvirtuales.net.ar\/index.php\/wp-json\/wp\/v2\/pages\/102\/revisions"}],"predecessor-version":[{"id":233,"href":"https:\/\/museosvirtuales.net.ar\/index.php\/wp-json\/wp\/v2\/pages\/102\/revisions\/233"}],"wp:attachment":[{"href":"https:\/\/museosvirtuales.net.ar\/index.php\/wp-json\/wp\/v2\/media?parent=102"}],"curies":[{"name":"wp","href":"https:\/\/api.w.org\/{rel}","templated":true}]}}