{"id":105,"date":"2022-04-25T14:30:38","date_gmt":"2022-04-25T14:30:38","guid":{"rendered":"https:\/\/museosvirtuales.ar\/?page_id=105"},"modified":"2025-10-26T17:15:58","modified_gmt":"2025-10-26T17:15:58","slug":"museocampiglia","status":"publish","type":"page","link":"https:\/\/museosvirtuales.net.ar\/index.php\/museocampiglia\/","title":{"rendered":"Museo Dr. Agust\u00edn Campiglia"},"content":{"rendered":"\n<div class=\"wp-block-image\"><figure class=\"aligncenter size-large\"><img loading=\"lazy\" width=\"768\" height=\"1024\" src=\"https:\/\/museosvirtuales.ar\/wp-content\/uploads\/2022\/04\/Museo-Campiglia-768x1024.jpg\" alt=\"\" class=\"wp-image-107\" srcset=\"https:\/\/museosvirtuales.net.ar\/wp-content\/uploads\/2022\/04\/Museo-Campiglia-768x1024.jpg 768w, https:\/\/museosvirtuales.net.ar\/wp-content\/uploads\/2022\/04\/Museo-Campiglia-225x300.jpg 225w, https:\/\/museosvirtuales.net.ar\/wp-content\/uploads\/2022\/04\/Museo-Campiglia-1152x1536.jpg 1152w, https:\/\/museosvirtuales.net.ar\/wp-content\/uploads\/2022\/04\/Museo-Campiglia-1536x2048.jpg 1536w, https:\/\/museosvirtuales.net.ar\/wp-content\/uploads\/2022\/04\/Museo-Campiglia-scaled.jpg 1920w\" sizes=\"(max-width: 767px) 89vw, (max-width: 1000px) 54vw, (max-width: 1071px) 543px, 580px\" \/><\/figure><\/div>\n\n\n\n<p align=\"justify\">El Museo Dr. Agust\u00edn Campiglia, creado en 1997 y situado en el coraz\u00f3n de la localidad de Bel\u00e9n de Escobar, reabre sus puertas luego de los trabajos de puesta en valor y reformas edilicias que modernizaron sus instalaciones. A 100 a\u00f1os del inicio del funcionamiento de la Sociedad Cosmopolita, en este hist\u00f3rico edificio se brindar\u00e1n nuevas innovadoras propuestas para contar la historia de este pueblo, de una manera din\u00e1mica y atractiva, reafirmando el rol educativo y cultural de un museo al alcance de todos y al servicio de la comunidad.<br>El museo se encuentra totalmente climatizado en cada una de sus salas, funcionar\u00e1 adem\u00e1s como centro cultural. Por eso se dise\u00f1\u00f3 un micro teatro, donde poder bridar espect\u00e1culos teatrales, realizar proyecciones y presentaciones.<\/p>\n\n\n\n<p><a href=\"https:\/\/museosvirtuales.net.ar\/visitas\/escobar\/museocampiglia.html\">Visita Virtual<\/a><\/p>\n","protected":false},"excerpt":{"rendered":"<p>El Museo Dr. Agust\u00edn Campiglia, creado en 1997 y situado en el coraz\u00f3n de la localidad de Bel\u00e9n de Escobar, reabre sus puertas luego de los trabajos de puesta en valor y reformas edilicias que modernizaron sus instalaciones. A 100 a\u00f1os del inicio del funcionamiento de la Sociedad Cosmopolita, en este hist\u00f3rico edificio se brindar\u00e1n &hellip; <\/p>\n<p class=\"link-more\"><a href=\"https:\/\/museosvirtuales.net.ar\/index.php\/museocampiglia\/\" class=\"more-link\">Continue reading<span class=\"screen-reader-text\"> &#8220;Museo Dr. Agust\u00edn Campiglia&#8221;<\/span><\/a><\/p>\n","protected":false},"author":1,"featured_media":0,"parent":0,"menu_order":0,"comment_status":"closed","ping_status":"closed","template":"","meta":[],"_links":{"self":[{"href":"https:\/\/museosvirtuales.net.ar\/index.php\/wp-json\/wp\/v2\/pages\/105"}],"collection":[{"href":"https:\/\/museosvirtuales.net.ar\/index.php\/wp-json\/wp\/v2\/pages"}],"about":[{"href":"https:\/\/museosvirtuales.net.ar\/index.php\/wp-json\/wp\/v2\/types\/page"}],"author":[{"embeddable":true,"href":"https:\/\/museosvirtuales.net.ar\/index.php\/wp-json\/wp\/v2\/users\/1"}],"replies":[{"embeddable":true,"href":"https:\/\/museosvirtuales.net.ar\/index.php\/wp-json\/wp\/v2\/comments?post=105"}],"version-history":[{"count":3,"href":"https:\/\/museosvirtuales.net.ar\/index.php\/wp-json\/wp\/v2\/pages\/105\/revisions"}],"predecessor-version":[{"id":234,"href":"https:\/\/museosvirtuales.net.ar\/index.php\/wp-json\/wp\/v2\/pages\/105\/revisions\/234"}],"wp:attachment":[{"href":"https:\/\/museosvirtuales.net.ar\/index.php\/wp-json\/wp\/v2\/media?parent=105"}],"curies":[{"name":"wp","href":"https:\/\/api.w.org\/{rel}","templated":true}]}}