{"id":106,"date":"2022-04-25T14:31:23","date_gmt":"2022-04-25T14:31:23","guid":{"rendered":"https:\/\/museosvirtuales.ar\/?page_id=106"},"modified":"2025-10-26T17:16:26","modified_gmt":"2025-10-26T17:16:26","slug":"museoferroamigos","status":"publish","type":"page","link":"https:\/\/museosvirtuales.net.ar\/index.php\/museoferroamigos\/","title":{"rendered":"Museo del Tren &#8220;Ferroamigos Club Escobar&#8221;"},"content":{"rendered":"\n<div class=\"wp-block-image\"><figure class=\"aligncenter size-large\"><img loading=\"lazy\" width=\"768\" height=\"1024\" src=\"https:\/\/museosvirtuales.ar\/wp-content\/uploads\/2022\/04\/Museo-del-tren-768x1024.jpg\" alt=\"\" class=\"wp-image-108\" srcset=\"https:\/\/museosvirtuales.net.ar\/wp-content\/uploads\/2022\/04\/Museo-del-tren-768x1024.jpg 768w, https:\/\/museosvirtuales.net.ar\/wp-content\/uploads\/2022\/04\/Museo-del-tren-225x300.jpg 225w, https:\/\/museosvirtuales.net.ar\/wp-content\/uploads\/2022\/04\/Museo-del-tren-1152x1536.jpg 1152w, https:\/\/museosvirtuales.net.ar\/wp-content\/uploads\/2022\/04\/Museo-del-tren-1536x2048.jpg 1536w, https:\/\/museosvirtuales.net.ar\/wp-content\/uploads\/2022\/04\/Museo-del-tren-scaled.jpg 1920w\" sizes=\"(max-width: 767px) 89vw, (max-width: 1000px) 54vw, (max-width: 1071px) 543px, 580px\" \/><\/figure><\/div>\n\n\n\n<p align=\"justify\">El Ferroamigos Club de Escobar naci\u00f3 en 1995, en la casa de Eugenio Carballo (actual secretario de la asociaci\u00f3n). Se encuentra ubicado actualmente en el galp\u00f3n de cargas que es utilizado desde 1886 y que hoy con la colaboraci\u00f3n de los ferroamigos fue reciclado como recinto protector de las colecciones que constituyen hoy el museo.<br>El museo del tren invita a los m\u00e1s grandes a recordar sus viajes y vivencias ferroviarias en un nost\u00e1lgico viaje al pasado. A pocos metros se puede observar una antigua locomotora a vapor originaria de la Inglaterra de 1912. La misma fue construida en Newcastle, para el Ferrocarril Central Argentino.<\/p>\n\n\n\n<p><a href=\"https:\/\/museosvirtuales.net.ar\/visitas\/escobar\/museodeltren.html\">Visita Virtual<\/a><\/p>\n","protected":false},"excerpt":{"rendered":"<p>El Ferroamigos Club de Escobar naci\u00f3 en 1995, en la casa de Eugenio Carballo (actual secretario de la asociaci\u00f3n). Se encuentra ubicado actualmente en el galp\u00f3n de cargas que es utilizado desde 1886 y que hoy con la colaboraci\u00f3n de los ferroamigos fue reciclado como recinto protector de las colecciones que constituyen hoy el museo.El &hellip; <\/p>\n<p class=\"link-more\"><a href=\"https:\/\/museosvirtuales.net.ar\/index.php\/museoferroamigos\/\" class=\"more-link\">Continue reading<span class=\"screen-reader-text\"> &#8220;Museo del Tren &#8220;Ferroamigos Club Escobar&#8221;&#8221;<\/span><\/a><\/p>\n","protected":false},"author":1,"featured_media":0,"parent":0,"menu_order":0,"comment_status":"closed","ping_status":"closed","template":"","meta":[],"_links":{"self":[{"href":"https:\/\/museosvirtuales.net.ar\/index.php\/wp-json\/wp\/v2\/pages\/106"}],"collection":[{"href":"https:\/\/museosvirtuales.net.ar\/index.php\/wp-json\/wp\/v2\/pages"}],"about":[{"href":"https:\/\/museosvirtuales.net.ar\/index.php\/wp-json\/wp\/v2\/types\/page"}],"author":[{"embeddable":true,"href":"https:\/\/museosvirtuales.net.ar\/index.php\/wp-json\/wp\/v2\/users\/1"}],"replies":[{"embeddable":true,"href":"https:\/\/museosvirtuales.net.ar\/index.php\/wp-json\/wp\/v2\/comments?post=106"}],"version-history":[{"count":3,"href":"https:\/\/museosvirtuales.net.ar\/index.php\/wp-json\/wp\/v2\/pages\/106\/revisions"}],"predecessor-version":[{"id":235,"href":"https:\/\/museosvirtuales.net.ar\/index.php\/wp-json\/wp\/v2\/pages\/106\/revisions\/235"}],"wp:attachment":[{"href":"https:\/\/museosvirtuales.net.ar\/index.php\/wp-json\/wp\/v2\/media?parent=106"}],"curies":[{"name":"wp","href":"https:\/\/api.w.org\/{rel}","templated":true}]}}