{"id":114,"date":"2022-04-25T17:28:08","date_gmt":"2022-04-25T17:28:08","guid":{"rendered":"https:\/\/museosvirtuales.ar\/?page_id=114"},"modified":"2025-10-26T17:21:21","modified_gmt":"2025-10-26T17:21:21","slug":"lujan","status":"publish","type":"page","link":"https:\/\/museosvirtuales.net.ar\/index.php\/lujan\/","title":{"rendered":"Luj\u00e1n"},"content":{"rendered":"\n<div class=\"wp-block-image\"><figure class=\"aligncenter size-large\"><img loading=\"lazy\" width=\"710\" height=\"1024\" src=\"https:\/\/museosvirtuales.ar\/wp-content\/uploads\/2022\/04\/lujan-710x1024.jpg\" alt=\"\" class=\"wp-image-115\" srcset=\"https:\/\/museosvirtuales.net.ar\/wp-content\/uploads\/2022\/04\/lujan-710x1024.jpg 710w, https:\/\/museosvirtuales.net.ar\/wp-content\/uploads\/2022\/04\/lujan-208x300.jpg 208w, https:\/\/museosvirtuales.net.ar\/wp-content\/uploads\/2022\/04\/lujan-768x1107.jpg 768w, https:\/\/museosvirtuales.net.ar\/wp-content\/uploads\/2022\/04\/lujan-1065x1536.jpg 1065w, https:\/\/museosvirtuales.net.ar\/wp-content\/uploads\/2022\/04\/lujan-1420x2048.jpg 1420w, https:\/\/museosvirtuales.net.ar\/wp-content\/uploads\/2022\/04\/lujan-scaled.jpg 1775w\" sizes=\"(max-width: 710px) 100vw, 710px\" \/><\/figure><\/div>\n\n\n\n<p><p align=\"justify\">Con una superficie de 777 kil\u00f3metros cuadrados y una poblaci\u00f3n estimada de 120.000 habitantes, Luj\u00e1n se encuentra entre los principales distritos de la provincia. Tanto por su idiosincrasia, su ritmo de vida y sus paisajes, es considerada la puerta de acceso al interior bonaerense. Importante cruce de caminos desde los tiempos coloniales, est\u00e1 ubicada a 67 kil\u00f3metros de la ciudad de Buenos Aires y conectada a la misma por la autopista Acceso Oeste y el Ferrocarril Sarmiento. Asimismo, est\u00e1 atravesada por las rutas nacionales 5 y 7, y las provinciales 6, 47 y 192.<\/p>\n\n\n\n<p><strong>Museos<\/strong><\/p>\n\n\n\n<p><a href=\"https:\/\/museosvirtuales.net.ar\/index.php\/complejoudaondo\/\">Complejo Museogr\u00e1fico Provincial &#8220;Enrique Udaondo&#8221;<\/a><\/p>\n\n\n\n<p><a href=\"https:\/\/museosvirtuales.net.ar\/index.php\/museo-casa-ameghino\/\">Museo Casa Ameghino<\/a><\/p>\n\n\n\n<p><a href=\"https:\/\/museosvirtuales.net.ar\/index.php\/museo-basilica-lujan\/\">Museo Cripta Bas\u00edlica Ntra. Sra. de Luj\u00e1n<\/a><\/p>\n\n\n\n<p><strong>Como llegar a Luj\u00e1n<\/strong><\/p>\n\n\n\n<p align=\"center\"><iframe src=\"https:\/\/www.google.com\/maps\/embed?pb=!1m18!1m12!1m3!1d105135.08436359956!2d-59.186581396356885!3d-34.56693723633619!2m3!1f0!2f0!3f0!3m2!1i1024!2i768!4f13.1!3m3!1m2!1s0x95bc7d87a664c641%3A0x55098796c55322ae!2sLuj%C3%A1n%2C%20Provincia%20de%20Buenos%20Aires!5e0!3m2!1ses!2sar!4v1650905486057!5m2!1ses!2sar\" width=\"600\" height=\"450\" style=\"border:0;\" allowfullscreen=\"\" loading=\"lazy\" referrerpolicy=\"no-referrer-when-downgrade\"><\/iframe><\/p>\n","protected":false},"excerpt":{"rendered":"<p>Con una superficie de 777 kil\u00f3metros cuadrados y una poblaci\u00f3n estimada de 120.000 habitantes, Luj\u00e1n se encuentra entre los principales distritos de la provincia. Tanto por su idiosincrasia, su ritmo de vida y sus paisajes, es considerada la puerta de acceso al interior bonaerense. Importante cruce de caminos desde los tiempos coloniales, est\u00e1 ubicada a &hellip; <\/p>\n<p class=\"link-more\"><a href=\"https:\/\/museosvirtuales.net.ar\/index.php\/lujan\/\" class=\"more-link\">Continue reading<span class=\"screen-reader-text\"> &#8220;Luj\u00e1n&#8221;<\/span><\/a><\/p>\n","protected":false},"author":1,"featured_media":0,"parent":0,"menu_order":0,"comment_status":"closed","ping_status":"closed","template":"","meta":[],"_links":{"self":[{"href":"https:\/\/museosvirtuales.net.ar\/index.php\/wp-json\/wp\/v2\/pages\/114"}],"collection":[{"href":"https:\/\/museosvirtuales.net.ar\/index.php\/wp-json\/wp\/v2\/pages"}],"about":[{"href":"https:\/\/museosvirtuales.net.ar\/index.php\/wp-json\/wp\/v2\/types\/page"}],"author":[{"embeddable":true,"href":"https:\/\/museosvirtuales.net.ar\/index.php\/wp-json\/wp\/v2\/users\/1"}],"replies":[{"embeddable":true,"href":"https:\/\/museosvirtuales.net.ar\/index.php\/wp-json\/wp\/v2\/comments?post=114"}],"version-history":[{"count":4,"href":"https:\/\/museosvirtuales.net.ar\/index.php\/wp-json\/wp\/v2\/pages\/114\/revisions"}],"predecessor-version":[{"id":241,"href":"https:\/\/museosvirtuales.net.ar\/index.php\/wp-json\/wp\/v2\/pages\/114\/revisions\/241"}],"wp:attachment":[{"href":"https:\/\/museosvirtuales.net.ar\/index.php\/wp-json\/wp\/v2\/media?parent=114"}],"curies":[{"name":"wp","href":"https:\/\/api.w.org\/{rel}","templated":true}]}}