{"id":116,"date":"2022-04-25T17:20:13","date_gmt":"2022-04-25T17:20:13","guid":{"rendered":"https:\/\/museosvirtuales.ar\/?page_id=116"},"modified":"2025-10-26T17:25:04","modified_gmt":"2025-10-26T17:25:04","slug":"complejoudaondo","status":"publish","type":"page","link":"https:\/\/museosvirtuales.net.ar\/index.php\/complejoudaondo\/","title":{"rendered":"Complejo Museogr\u00e1fico Provincial &#8220;Enrique Udaondo&#8221;"},"content":{"rendered":"\n<div class=\"wp-block-image\"><figure class=\"aligncenter size-large\"><img loading=\"lazy\" width=\"1024\" height=\"332\" src=\"https:\/\/museosvirtuales.ar\/wp-content\/uploads\/2022\/04\/IMG_20190705_112107_1-1024x332.jpg\" alt=\"\" class=\"wp-image-117\" srcset=\"https:\/\/museosvirtuales.net.ar\/wp-content\/uploads\/2022\/04\/IMG_20190705_112107_1-1024x332.jpg 1024w, https:\/\/museosvirtuales.net.ar\/wp-content\/uploads\/2022\/04\/IMG_20190705_112107_1-300x97.jpg 300w, https:\/\/museosvirtuales.net.ar\/wp-content\/uploads\/2022\/04\/IMG_20190705_112107_1-768x249.jpg 768w, https:\/\/museosvirtuales.net.ar\/wp-content\/uploads\/2022\/04\/IMG_20190705_112107_1.jpg 1266w\" sizes=\"(max-width: 767px) 89vw, (max-width: 1000px) 54vw, (max-width: 1071px) 543px, 580px\" \/><\/figure><\/div>\n\n\n\n<p><p align=\"justify\">El Complejo Museogr\u00e1fico Provincial \u201cEnrique Udaondo\u201d es por calidad y variedad de sus colecciones, uno de los m\u00e1s importantes de Am\u00e9rica. Fue creado el 31 de diciembre de 1917 por Jos\u00e9 Cantilo, interventor de la Provincia, a pedido del Comisionado Municipal Domingo Fern\u00e1ndez Beschtedt, con el objetivo de salvar el edificio del Cabildo de la Villa de Luj\u00e1n. Despu\u00e9s que se le anexaron dos fincas linderas, una de ellas \u201cReal Estanco de Tabaco\u201d o mal llamada \u201cCasa del Virrey\u201d, Enrique Udaondo fue nombrado Director Honorario para su inauguraci\u00f3n el 12 de octubre de 1923.<br>Durante la gesti\u00f3n de Udaondo, el Museo acrecent\u00f3 su patrimonio a trav\u00e9s de importantes donaciones, monetarias y de objetos, con los cuales se construyeron pabellones y salas para exponer su acervo patrimonial. El 1972, dada su organizaci\u00f3n en \u00e1reas y sectores, la instituci\u00f3n cambi\u00f3 su denominaci\u00f3n por la de Complejo Museogr\u00e1fico Enrique Udaondo.<br>La instituci\u00f3n cuenta con 3 edificios declarados Monumento Hist\u00f3rico Nacional: el Cabildo, la Casa del Virrey y la Casa de Pepa Galarza y dos construcciones declaradas Bien de Inter\u00e9s Hist\u00f3rico Nacional: la tahona de 1850 y el centenario molino de aspas. Entre los varios objetos que custodia se puede mencionar: el poncho de San Mart\u00edn, el bast\u00f3n del tambor mayor del Regimiento Highlanders, el retablo jesu\u00edtico donde rez\u00f3 Belgrano antes de la batalla de Salta, los cuadros Milagros de la virgen de Cuzco y Virgen del Habiy\u00fa, la locomotora \u201cLa Porte\u00f1a\u201d, el hidroavi\u00f3n Plus Ultra y el velero LEGH I, entre otras piezas \u00fanicas.<br>Desde el a\u00f1o 2018 se puso en marcha un plan de restauraci\u00f3n y renovaci\u00f3n. En ese marco se arreglaron techos, aberturas, pisos, paredes h\u00famedas, muros, carteler\u00eda, instalaciones el\u00e9ctricas, de gas y sanitarias, poniendo en valor a todas las galer\u00edas del \u00e1rea I y \u00e1rea III, siete patios, diecis\u00e9is salas y seis edificios.<br><\/p>\n\n\n\n<p><a href=\"https:\/\/museosvirtuales.net.ar\/index.php\/cabildo-de-lujan\/\">\u00c1rea I Cabildo de Luj\u00e1n<\/a><\/p>\n\n\n\n<p><a href=\"https:\/\/museosvirtuales.net.ar\/index.php\/museo-transporte\/\">\u00c1rea II Museo del Transporte<\/a><\/p>\n\n\n\n<p><a href=\"https:\/\/museosvirtuales.net.ar\/index.php\/salon-automovil\/\">\u00c1rea III Sal\u00f3n del Autom\u00f3vil<\/a><\/p>\n","protected":false},"excerpt":{"rendered":"<p>El Complejo Museogr\u00e1fico Provincial \u201cEnrique Udaondo\u201d es por calidad y variedad de sus colecciones, uno de los m\u00e1s importantes de Am\u00e9rica. Fue creado el 31 de diciembre de 1917 por Jos\u00e9 Cantilo, interventor de la Provincia, a pedido del Comisionado Municipal Domingo Fern\u00e1ndez Beschtedt, con el objetivo de salvar el edificio del Cabildo de la &hellip; <\/p>\n<p class=\"link-more\"><a href=\"https:\/\/museosvirtuales.net.ar\/index.php\/complejoudaondo\/\" class=\"more-link\">Continue reading<span class=\"screen-reader-text\"> &#8220;Complejo Museogr\u00e1fico Provincial &#8220;Enrique Udaondo&#8221;&#8221;<\/span><\/a><\/p>\n","protected":false},"author":1,"featured_media":0,"parent":0,"menu_order":0,"comment_status":"closed","ping_status":"closed","template":"","meta":[],"_links":{"self":[{"href":"https:\/\/museosvirtuales.net.ar\/index.php\/wp-json\/wp\/v2\/pages\/116"}],"collection":[{"href":"https:\/\/museosvirtuales.net.ar\/index.php\/wp-json\/wp\/v2\/pages"}],"about":[{"href":"https:\/\/museosvirtuales.net.ar\/index.php\/wp-json\/wp\/v2\/types\/page"}],"author":[{"embeddable":true,"href":"https:\/\/museosvirtuales.net.ar\/index.php\/wp-json\/wp\/v2\/users\/1"}],"replies":[{"embeddable":true,"href":"https:\/\/museosvirtuales.net.ar\/index.php\/wp-json\/wp\/v2\/comments?post=116"}],"version-history":[{"count":4,"href":"https:\/\/museosvirtuales.net.ar\/index.php\/wp-json\/wp\/v2\/pages\/116\/revisions"}],"predecessor-version":[{"id":242,"href":"https:\/\/museosvirtuales.net.ar\/index.php\/wp-json\/wp\/v2\/pages\/116\/revisions\/242"}],"wp:attachment":[{"href":"https:\/\/museosvirtuales.net.ar\/index.php\/wp-json\/wp\/v2\/media?parent=116"}],"curies":[{"name":"wp","href":"https:\/\/api.w.org\/{rel}","templated":true}]}}