{"id":118,"date":"2022-04-25T17:13:58","date_gmt":"2022-04-25T17:13:58","guid":{"rendered":"https:\/\/museosvirtuales.ar\/?page_id=118"},"modified":"2025-10-26T17:10:02","modified_gmt":"2025-10-26T17:10:02","slug":"cabildo-de-lujan","status":"publish","type":"page","link":"https:\/\/museosvirtuales.net.ar\/index.php\/cabildo-de-lujan\/","title":{"rendered":"\u00c1rea I Cabildo de Luj\u00e1n"},"content":{"rendered":"\n<div class=\"wp-block-image\"><figure class=\"aligncenter size-large\"><img loading=\"lazy\" width=\"1024\" height=\"701\" src=\"https:\/\/museosvirtuales.ar\/wp-content\/uploads\/2022\/04\/IMG_20190705_112048-1-1024x701.jpg\" alt=\"\" class=\"wp-image-125\" srcset=\"https:\/\/museosvirtuales.net.ar\/wp-content\/uploads\/2022\/04\/IMG_20190705_112048-1-1024x701.jpg 1024w, https:\/\/museosvirtuales.net.ar\/wp-content\/uploads\/2022\/04\/IMG_20190705_112048-1-300x205.jpg 300w, https:\/\/museosvirtuales.net.ar\/wp-content\/uploads\/2022\/04\/IMG_20190705_112048-1-768x526.jpg 768w, https:\/\/museosvirtuales.net.ar\/wp-content\/uploads\/2022\/04\/IMG_20190705_112048-1-1536x1052.jpg 1536w, https:\/\/museosvirtuales.net.ar\/wp-content\/uploads\/2022\/04\/IMG_20190705_112048-1-2048x1402.jpg 2048w\" sizes=\"(max-width: 767px) 89vw, (max-width: 1000px) 54vw, (max-width: 1071px) 543px, 580px\" \/><\/figure><\/div>\n\n\n\n<p align=\"justify\">Se encuentra conformada por los Monumentos Hist\u00f3ricos Nacionales. La Casa Cabildo, sede del Cabildo de la Villa de Luj\u00e1n, el edificio m\u00e1s importante y valorado del complejo.<\/p>\n\n\n\n<p><a href=\"https:\/\/museosvirtuales.net.ar\/visitas\/lujan\/museocabildolujan.html\">Visita Virtual<\/a><\/p>\n","protected":false},"excerpt":{"rendered":"<p>Se encuentra conformada por los Monumentos Hist\u00f3ricos Nacionales. La Casa Cabildo, sede del Cabildo de la Villa de Luj\u00e1n, el edificio m\u00e1s importante y valorado del complejo. Visita Virtual<\/p>\n","protected":false},"author":1,"featured_media":0,"parent":0,"menu_order":0,"comment_status":"closed","ping_status":"closed","template":"","meta":[],"_links":{"self":[{"href":"https:\/\/museosvirtuales.net.ar\/index.php\/wp-json\/wp\/v2\/pages\/118"}],"collection":[{"href":"https:\/\/museosvirtuales.net.ar\/index.php\/wp-json\/wp\/v2\/pages"}],"about":[{"href":"https:\/\/museosvirtuales.net.ar\/index.php\/wp-json\/wp\/v2\/types\/page"}],"author":[{"embeddable":true,"href":"https:\/\/museosvirtuales.net.ar\/index.php\/wp-json\/wp\/v2\/users\/1"}],"replies":[{"embeddable":true,"href":"https:\/\/museosvirtuales.net.ar\/index.php\/wp-json\/wp\/v2\/comments?post=118"}],"version-history":[{"count":3,"href":"https:\/\/museosvirtuales.net.ar\/index.php\/wp-json\/wp\/v2\/pages\/118\/revisions"}],"predecessor-version":[{"id":227,"href":"https:\/\/museosvirtuales.net.ar\/index.php\/wp-json\/wp\/v2\/pages\/118\/revisions\/227"}],"wp:attachment":[{"href":"https:\/\/museosvirtuales.net.ar\/index.php\/wp-json\/wp\/v2\/media?parent=118"}],"curies":[{"name":"wp","href":"https:\/\/api.w.org\/{rel}","templated":true}]}}