{"id":134,"date":"2022-04-25T17:25:17","date_gmt":"2022-04-25T17:25:17","guid":{"rendered":"https:\/\/museosvirtuales.ar\/?page_id=134"},"modified":"2025-10-26T17:26:42","modified_gmt":"2025-10-26T17:26:42","slug":"museo-casa-ameghino","status":"publish","type":"page","link":"https:\/\/museosvirtuales.net.ar\/index.php\/museo-casa-ameghino\/","title":{"rendered":"Museo Casa Ameghino"},"content":{"rendered":"\n<div class=\"wp-block-image\"><figure class=\"aligncenter size-large\"><img loading=\"lazy\" width=\"1024\" height=\"779\" src=\"https:\/\/museosvirtuales.ar\/wp-content\/uploads\/2022\/04\/Frente-1024x779.jpg\" alt=\"\" class=\"wp-image-135\" srcset=\"https:\/\/museosvirtuales.net.ar\/wp-content\/uploads\/2022\/04\/Frente-1024x779.jpg 1024w, https:\/\/museosvirtuales.net.ar\/wp-content\/uploads\/2022\/04\/Frente-300x228.jpg 300w, https:\/\/museosvirtuales.net.ar\/wp-content\/uploads\/2022\/04\/Frente-768x585.jpg 768w, https:\/\/museosvirtuales.net.ar\/wp-content\/uploads\/2022\/04\/Frente-1536x1169.jpg 1536w, https:\/\/museosvirtuales.net.ar\/wp-content\/uploads\/2022\/04\/Frente-2048x1559.jpg 2048w\" sizes=\"(max-width: 767px) 89vw, (max-width: 1000px) 54vw, (max-width: 1071px) 543px, 580px\" \/><\/figure><\/div>\n\n\n\n<p><p align=\"justify\">La reconstruida vivienda hoy es un museo paleontol\u00f3gico, para lo cual atraves\u00f3 varias instancias hasta la actualidad.<br>Florentino Ameghino fue un cient\u00edfico nacido en Luj\u00e1n en 1854. Su casa, ubicada en la calle Las Heras, era de t\u00edpica construcci\u00f3n de mediados del siglo XIX, con una fachada de ladrillos asentados en barro. <br>Cuando la familia Ameghino parti\u00f3 a Buenos Aires, la casa permaneci\u00f3 habitada por caseros. Sin embargo al no dejar descendencia ninguno de los tres hermanos Ameghino, la casa qued\u00f3 en manos de herederos y sigui\u00f3 siendo residida por cuidadores. Posteriormente la casa fue ocupada. Hasta que fue entregada a Juan Antonio Mignone quien conformaba la Comisi\u00f3n organizadora y directiva de la \u201cSociedad amigos de la Casa Ameghino\u201d que respaldaban el proyecto de incorporar la propiedad al patrimonio de la ciudad.<br>En 1974 las autoridades informaron a Mignone que la vivienda se encontraba finalmente vac\u00eda. Ese a\u00f1o, el Concejo Deliberante de Luj\u00e1n declar\u00f3 de utilidad p\u00fablica y sujeto a expropiaci\u00f3n los inmuebles donde vivieron los hermanos Ameghino, destinados a la creaci\u00f3n de un museo municipal.<br>Los sucesivos intentos de conformar esta casa en un museo, se vieron truncados por las condiciones edilicias deplorables en las que se encontraba la casa, en ruinas y a punto de derrumbe.<br>A mediados de 1997, el edificio fue reabierto luego de varios a\u00f1os aunque la vivienda no estaba terminada. Finalmente en 1999 se completaron los trabajos para la inauguraci\u00f3n.<br>El 15 de mayo de 2007, la Casa de los Ameghino fue declarada Monumento Hist\u00f3rico Nacional.<p>\n\n\n\n<p><a href=\"https:\/\/museosvirtuales.net.ar\/visitas\/lujan\/museocasaameghino.html\">Visita <\/a><\/p>\n\n\n\n<p><a href=\"https:\/\/museosvirtuales.net.ar\/visitas\/lujan\/museocasaameghino.html\">Virtual<\/a><\/p>\n","protected":false},"excerpt":{"rendered":"<p>La reconstruida vivienda hoy es un museo paleontol\u00f3gico, para lo cual atraves\u00f3 varias instancias hasta la actualidad.Florentino Ameghino fue un cient\u00edfico nacido en Luj\u00e1n en 1854. Su casa, ubicada en la calle Las Heras, era de t\u00edpica construcci\u00f3n de mediados del siglo XIX, con una fachada de ladrillos asentados en barro. Cuando la familia Ameghino &hellip; <\/p>\n<p class=\"link-more\"><a href=\"https:\/\/museosvirtuales.net.ar\/index.php\/museo-casa-ameghino\/\" class=\"more-link\">Continue reading<span class=\"screen-reader-text\"> &#8220;Museo Casa Ameghino&#8221;<\/span><\/a><\/p>\n","protected":false},"author":1,"featured_media":0,"parent":0,"menu_order":0,"comment_status":"closed","ping_status":"closed","template":"","meta":[],"_links":{"self":[{"href":"https:\/\/museosvirtuales.net.ar\/index.php\/wp-json\/wp\/v2\/pages\/134"}],"collection":[{"href":"https:\/\/museosvirtuales.net.ar\/index.php\/wp-json\/wp\/v2\/pages"}],"about":[{"href":"https:\/\/museosvirtuales.net.ar\/index.php\/wp-json\/wp\/v2\/types\/page"}],"author":[{"embeddable":true,"href":"https:\/\/museosvirtuales.net.ar\/index.php\/wp-json\/wp\/v2\/users\/1"}],"replies":[{"embeddable":true,"href":"https:\/\/museosvirtuales.net.ar\/index.php\/wp-json\/wp\/v2\/comments?post=134"}],"version-history":[{"count":2,"href":"https:\/\/museosvirtuales.net.ar\/index.php\/wp-json\/wp\/v2\/pages\/134\/revisions"}],"predecessor-version":[{"id":245,"href":"https:\/\/museosvirtuales.net.ar\/index.php\/wp-json\/wp\/v2\/pages\/134\/revisions\/245"}],"wp:attachment":[{"href":"https:\/\/museosvirtuales.net.ar\/index.php\/wp-json\/wp\/v2\/media?parent=134"}],"curies":[{"name":"wp","href":"https:\/\/api.w.org\/{rel}","templated":true}]}}