{"id":137,"date":"2022-04-25T17:28:15","date_gmt":"2022-04-25T17:28:15","guid":{"rendered":"https:\/\/museosvirtuales.ar\/?page_id=137"},"modified":"2025-10-26T17:27:24","modified_gmt":"2025-10-26T17:27:24","slug":"museo-basilica-lujan","status":"publish","type":"page","link":"https:\/\/museosvirtuales.net.ar\/index.php\/museo-basilica-lujan\/","title":{"rendered":"Museo Cripta Bas\u00edlica Ntra. Sra. de Luj\u00e1n"},"content":{"rendered":"\n<div class=\"wp-block-image\"><figure class=\"aligncenter size-large\"><img loading=\"lazy\" width=\"740\" height=\"1024\" src=\"https:\/\/museosvirtuales.ar\/wp-content\/uploads\/2022\/04\/IMG_20190712_141523-740x1024.jpg\" alt=\"\" class=\"wp-image-138\" srcset=\"https:\/\/museosvirtuales.net.ar\/wp-content\/uploads\/2022\/04\/IMG_20190712_141523-740x1024.jpg 740w, https:\/\/museosvirtuales.net.ar\/wp-content\/uploads\/2022\/04\/IMG_20190712_141523-217x300.jpg 217w, https:\/\/museosvirtuales.net.ar\/wp-content\/uploads\/2022\/04\/IMG_20190712_141523-768x1062.jpg 768w, https:\/\/museosvirtuales.net.ar\/wp-content\/uploads\/2022\/04\/IMG_20190712_141523-1111x1536.jpg 1111w, https:\/\/museosvirtuales.net.ar\/wp-content\/uploads\/2022\/04\/IMG_20190712_141523-1481x2048.jpg 1481w, https:\/\/museosvirtuales.net.ar\/wp-content\/uploads\/2022\/04\/IMG_20190712_141523-scaled.jpg 1851w\" sizes=\"(max-width: 706px) 89vw, (max-width: 767px) 82vw, 740px\" \/><\/figure><\/div>\n\n\n\n<p><p align=\"justify\">En mayo de 1890, el Padre Jorge Mar\u00eda Salvaire, luego de elegir el estilo g\u00f3tico y el plan general de la obra, emprendi\u00f3 la gigantesca construcci\u00f3n de la Bas\u00edlica Nacional. La excavaci\u00f3n para los cimientos de la Bas\u00edlica no fue exclusivamente para sost\u00e9n de la estructura, sino que desde el principio en la mente del Padre Salvaire, el espacio excavado estaba destinado a la cripta. <br> El sacerdote so\u00f1aba con que en ese \u00e1mbito se celebraran los bautismos, misas y otras ceremonias para los fieles de Luj\u00e1n, mientras que en la iglesia superior oraran y cantaran los peregrinos. Despu\u00e9s de la muerte del Padre Salvaire, en 1899, muy poco se hablaba de la cripta. Cabe destacar que el enemigo principal de la misma eran las inundaciones, debido a la cercan\u00eda del R\u00edo Luj\u00e1n. Reci\u00e9n en 1950 se puso nuevamente en funcionamiento. Esta vez como Templo de Am\u00e9rica, ya que se la dispuso para recibir y albergar en sus capillas a las im\u00e1genes de la Virgen Mar\u00eda en sus distintas advocaciones como patrona de los pa\u00edses del continente americano. En la d\u00e9cada del 70 se coloc\u00f3 en un sector de la cripta una pila bautismal, con lo cual comenzaron a celebrarse bautismos. El 6 de diciembre de 1980, al cumplirse los 350 a\u00f1os del milagro de Luj\u00e1n, y en vistas del a\u00f1o Mariano Nacional, el entonces Rector de la Bas\u00edlica, Padre Rafael Carli CM conjuntamente con el Obispo Diocesano, Monse\u00f1or Luis Tome, precedieron a la inauguraci\u00f3n y bendici\u00f3n de la cripta. A partir de 1992 comenzaron a llegar a la cripta de la Bas\u00edlica im\u00e1genes de las patronas de distintos pa\u00edses del mundo, principalmente de Europa. El 4 de febrero de 1999, con motivo del centenario de la muerte del Padre Salvaire, qued\u00f3 inaugurada la Muestra Hist\u00f3rica de la Bas\u00edlica. En ella se encuentran distintos elementos que hacen a la historia de Mar\u00eda de Luj\u00e1n y su Santuario.<p>\n\n\n\n<p><a href=\"https:\/\/museosvirtuales.net.ar\/visitas\/lujan\/criptabasilicalujan.html\">Visita Virtual<\/a><\/p>\n","protected":false},"excerpt":{"rendered":"<p>En mayo de 1890, el Padre Jorge Mar\u00eda Salvaire, luego de elegir el estilo g\u00f3tico y el plan general de la obra, emprendi\u00f3 la gigantesca construcci\u00f3n de la Bas\u00edlica Nacional. La excavaci\u00f3n para los cimientos de la Bas\u00edlica no fue exclusivamente para sost\u00e9n de la estructura, sino que desde el principio en la mente del &hellip; <\/p>\n<p class=\"link-more\"><a href=\"https:\/\/museosvirtuales.net.ar\/index.php\/museo-basilica-lujan\/\" class=\"more-link\">Continue reading<span class=\"screen-reader-text\"> &#8220;Museo Cripta Bas\u00edlica Ntra. Sra. de Luj\u00e1n&#8221;<\/span><\/a><\/p>\n","protected":false},"author":1,"featured_media":0,"parent":0,"menu_order":0,"comment_status":"closed","ping_status":"closed","template":"","meta":[],"_links":{"self":[{"href":"https:\/\/museosvirtuales.net.ar\/index.php\/wp-json\/wp\/v2\/pages\/137"}],"collection":[{"href":"https:\/\/museosvirtuales.net.ar\/index.php\/wp-json\/wp\/v2\/pages"}],"about":[{"href":"https:\/\/museosvirtuales.net.ar\/index.php\/wp-json\/wp\/v2\/types\/page"}],"author":[{"embeddable":true,"href":"https:\/\/museosvirtuales.net.ar\/index.php\/wp-json\/wp\/v2\/users\/1"}],"replies":[{"embeddable":true,"href":"https:\/\/museosvirtuales.net.ar\/index.php\/wp-json\/wp\/v2\/comments?post=137"}],"version-history":[{"count":2,"href":"https:\/\/museosvirtuales.net.ar\/index.php\/wp-json\/wp\/v2\/pages\/137\/revisions"}],"predecessor-version":[{"id":246,"href":"https:\/\/museosvirtuales.net.ar\/index.php\/wp-json\/wp\/v2\/pages\/137\/revisions\/246"}],"wp:attachment":[{"href":"https:\/\/museosvirtuales.net.ar\/index.php\/wp-json\/wp\/v2\/media?parent=137"}],"curies":[{"name":"wp","href":"https:\/\/api.w.org\/{rel}","templated":true}]}}