{"id":176,"date":"2022-04-26T06:03:59","date_gmt":"2022-04-26T06:03:59","guid":{"rendered":"https:\/\/museosvirtuales.ar\/?page_id=176"},"modified":"2025-10-26T17:28:24","modified_gmt":"2025-10-26T17:28:24","slug":"caba","status":"publish","type":"page","link":"https:\/\/museosvirtuales.net.ar\/index.php\/caba\/","title":{"rendered":"Ciudad de Buenos Aires"},"content":{"rendered":"\n<div class=\"wp-block-image\"><figure class=\"aligncenter size-full\"><img loading=\"lazy\" width=\"707\" height=\"1024\" src=\"https:\/\/museosvirtuales.ar\/wp-content\/uploads\/2022\/04\/f004214-707x1024-1.jpg\" alt=\"\" class=\"wp-image-177\" srcset=\"https:\/\/museosvirtuales.net.ar\/wp-content\/uploads\/2022\/04\/f004214-707x1024-1.jpg 707w, https:\/\/museosvirtuales.net.ar\/wp-content\/uploads\/2022\/04\/f004214-707x1024-1-207x300.jpg 207w\" sizes=\"(max-width: 707px) 100vw, 707px\" \/><\/figure><\/div>\n\n\n\n<p align=\"justify\">La Ciudad de Buenos Aires o Ciudad Aut\u00f3noma de Buenos Aires (tambi\u00e9n llamada Capital Federal por ser sede del gobierno federal) es la capital de la Rep\u00fablica Argentina. Est\u00e1 situada en la regi\u00f3n centro-este del pa\u00eds, sobre la orilla occidental del R\u00edo de la Plata, en plena llanura pampeana. Los resultados definitivos del censo de 2010 estiman la poblaci\u00f3n de la ciudad en 2.890.151 habitantes, y la de su aglomerado urbano, el Gran Buenos Aires, en 12.801.364 habitantes; siendo la mayor \u00e1rea urbana del pa\u00eds. Es la ciudad m\u00e1s visitada de Am\u00e9rica del Sur.<br>El tejido urbano se asemeja a un abanico que limita al sur, oeste y norte con la provincia de Buenos Aires y al este con el r\u00edo. Oficialmente la ciudad se encuentra dividida en 48 barrios que derivan, los m\u00e1s antiguos, de las parroquias establecidas en el siglo XIX. La metr\u00f3polis es una ciudad aut\u00f3noma que constituye uno de los 24 distritos en los que se divide el pa\u00eds. Tiene sus propios poderes ejecutivo, legislativo y judicial, adem\u00e1s de su propia polic\u00eda.<p>\n\n\n\n<p><strong>Museos<\/strong><\/p>\n\n\n\n<p><a href=\"https:\/\/museosvirtuales.net.ar\/index.php\/museomalvinas\/\">Museo Malvinas e Islas del Atl\u00e1ntico Sur<\/a><\/p>\n\n\n\n<p><a href=\"https:\/\/museosvirtuales.net.ar\/index.php\/museoparlamentario\/\">Museo Parlamentario<\/a><\/p>\n\n\n\n<p><a href=\"https:\/\/museosvirtuales.net.ar\/index.php\/museo-de-informatica\/\">Museo de Inform\u00e1tica<\/a><\/p>\n\n\n\n<p><strong>Pr\u00f3ximamente a\u00f1adiremos museos<\/strong><\/p>\n","protected":false},"excerpt":{"rendered":"<p>La Ciudad de Buenos Aires o Ciudad Aut\u00f3noma de Buenos Aires (tambi\u00e9n llamada Capital Federal por ser sede del gobierno federal) es la capital de la Rep\u00fablica Argentina. Est\u00e1 situada en la regi\u00f3n centro-este del pa\u00eds, sobre la orilla occidental del R\u00edo de la Plata, en plena llanura pampeana. Los resultados definitivos del censo de &hellip; <\/p>\n<p class=\"link-more\"><a href=\"https:\/\/museosvirtuales.net.ar\/index.php\/caba\/\" class=\"more-link\">Continue reading<span class=\"screen-reader-text\"> &#8220;Ciudad de Buenos Aires&#8221;<\/span><\/a><\/p>\n","protected":false},"author":1,"featured_media":0,"parent":0,"menu_order":0,"comment_status":"closed","ping_status":"closed","template":"","meta":[],"_links":{"self":[{"href":"https:\/\/museosvirtuales.net.ar\/index.php\/wp-json\/wp\/v2\/pages\/176"}],"collection":[{"href":"https:\/\/museosvirtuales.net.ar\/index.php\/wp-json\/wp\/v2\/pages"}],"about":[{"href":"https:\/\/museosvirtuales.net.ar\/index.php\/wp-json\/wp\/v2\/types\/page"}],"author":[{"embeddable":true,"href":"https:\/\/museosvirtuales.net.ar\/index.php\/wp-json\/wp\/v2\/users\/1"}],"replies":[{"embeddable":true,"href":"https:\/\/museosvirtuales.net.ar\/index.php\/wp-json\/wp\/v2\/comments?post=176"}],"version-history":[{"count":3,"href":"https:\/\/museosvirtuales.net.ar\/index.php\/wp-json\/wp\/v2\/pages\/176\/revisions"}],"predecessor-version":[{"id":247,"href":"https:\/\/museosvirtuales.net.ar\/index.php\/wp-json\/wp\/v2\/pages\/176\/revisions\/247"}],"wp:attachment":[{"href":"https:\/\/museosvirtuales.net.ar\/index.php\/wp-json\/wp\/v2\/media?parent=176"}],"curies":[{"name":"wp","href":"https:\/\/api.w.org\/{rel}","templated":true}]}}