{"id":178,"date":"2022-04-26T06:04:10","date_gmt":"2022-04-26T06:04:10","guid":{"rendered":"https:\/\/museosvirtuales.ar\/?page_id=178"},"modified":"2025-10-26T17:29:02","modified_gmt":"2025-10-26T17:29:02","slug":"museoparlamentario","status":"publish","type":"page","link":"https:\/\/museosvirtuales.net.ar\/index.php\/museoparlamentario\/","title":{"rendered":"Museo Parlamentario"},"content":{"rendered":"\n<div class=\"wp-block-image\"><figure class=\"aligncenter size-full\"><img loading=\"lazy\" width=\"1000\" height=\"661\" src=\"https:\/\/museosvirtuales.ar\/wp-content\/uploads\/2022\/04\/exterior2_1000.jpg\" alt=\"\" class=\"wp-image-180\" srcset=\"https:\/\/museosvirtuales.net.ar\/wp-content\/uploads\/2022\/04\/exterior2_1000.jpg 1000w, https:\/\/museosvirtuales.net.ar\/wp-content\/uploads\/2022\/04\/exterior2_1000-300x198.jpg 300w, https:\/\/museosvirtuales.net.ar\/wp-content\/uploads\/2022\/04\/exterior2_1000-768x508.jpg 768w\" sizes=\"(max-width: 767px) 89vw, (max-width: 1000px) 54vw, (max-width: 1071px) 543px, 580px\" \/><\/figure><\/div>\n\n\n\n<p><p align=\"justify\">Por decreto 1038\/03 que crea la &#8220;Coordinaci\u00f3n de Cultura&#8221; incluye en la estructura de la misma a la Direcci\u00f3n de Museo Parlamentario. Esta dependencia que tiene como principal objetivo custodiar la historia del parlamento argentino y cuidar todo el material tridimensional que el Palacio guarda.<br>Entre sus funciones m\u00e1s importantes est\u00e1 la administraci\u00f3n, fichaje e investigaci\u00f3n de elementos y documentos y la de catalogar y conservar obras de arte donadas al H. Senado; la de restaurar obras de arte y muebles; la de presentar para la admiraci\u00f3n del p\u00fablico de elementos tridimensionales del museo mediante muestras en la vitrina cedida por Subterr\u00e1neos de Buenos Aires (Metrovias) en la estaci\u00f3n Congreso.Su Sala de Exposici\u00f3n se encuentra en la planta baja del edificio anexo del H. Senado (Ex Caja de Ahorros) en la intersecci\u00f3n de la calles Hip\u00f3lito Yrigoyen y Sol\u00eds de la ciudad Aut\u00f3noma de Buenos Aires. <\/p>\n\n\n\n<p><a href=\"https:\/\/museosvirtuales.net.ar\/visitas\/caba\/parlamentario\/argentinaprehistorica.html\">Muestra Argentina Prehist\u00f3rica<\/a><\/p>\n","protected":false},"excerpt":{"rendered":"<p>Por decreto 1038\/03 que crea la &#8220;Coordinaci\u00f3n de Cultura&#8221; incluye en la estructura de la misma a la Direcci\u00f3n de Museo Parlamentario. Esta dependencia que tiene como principal objetivo custodiar la historia del parlamento argentino y cuidar todo el material tridimensional que el Palacio guarda.Entre sus funciones m\u00e1s importantes est\u00e1 la administraci\u00f3n, fichaje e investigaci\u00f3n &hellip; <\/p>\n<p class=\"link-more\"><a href=\"https:\/\/museosvirtuales.net.ar\/index.php\/museoparlamentario\/\" class=\"more-link\">Continue reading<span class=\"screen-reader-text\"> &#8220;Museo Parlamentario&#8221;<\/span><\/a><\/p>\n","protected":false},"author":1,"featured_media":0,"parent":0,"menu_order":0,"comment_status":"closed","ping_status":"closed","template":"","meta":[],"_links":{"self":[{"href":"https:\/\/museosvirtuales.net.ar\/index.php\/wp-json\/wp\/v2\/pages\/178"}],"collection":[{"href":"https:\/\/museosvirtuales.net.ar\/index.php\/wp-json\/wp\/v2\/pages"}],"about":[{"href":"https:\/\/museosvirtuales.net.ar\/index.php\/wp-json\/wp\/v2\/types\/page"}],"author":[{"embeddable":true,"href":"https:\/\/museosvirtuales.net.ar\/index.php\/wp-json\/wp\/v2\/users\/1"}],"replies":[{"embeddable":true,"href":"https:\/\/museosvirtuales.net.ar\/index.php\/wp-json\/wp\/v2\/comments?post=178"}],"version-history":[{"count":2,"href":"https:\/\/museosvirtuales.net.ar\/index.php\/wp-json\/wp\/v2\/pages\/178\/revisions"}],"predecessor-version":[{"id":248,"href":"https:\/\/museosvirtuales.net.ar\/index.php\/wp-json\/wp\/v2\/pages\/178\/revisions\/248"}],"wp:attachment":[{"href":"https:\/\/museosvirtuales.net.ar\/index.php\/wp-json\/wp\/v2\/media?parent=178"}],"curies":[{"name":"wp","href":"https:\/\/api.w.org\/{rel}","templated":true}]}}