{"id":179,"date":"2022-04-26T06:22:41","date_gmt":"2022-04-26T06:22:41","guid":{"rendered":"https:\/\/museosvirtuales.ar\/?page_id=179"},"modified":"2025-10-26T17:31:31","modified_gmt":"2025-10-26T17:31:31","slug":"museomalvinas","status":"publish","type":"page","link":"https:\/\/museosvirtuales.net.ar\/index.php\/museomalvinas\/","title":{"rendered":"Museo Malvinas e Islas del Atl\u00e1ntico Sur"},"content":{"rendered":"\n<div class=\"wp-block-image\"><figure class=\"aligncenter size-large\"><img loading=\"lazy\" width=\"1024\" height=\"563\" src=\"https:\/\/museosvirtuales.ar\/wp-content\/uploads\/2022\/04\/IMG_20190905_170646_1-1024x563.jpg\" alt=\"\" class=\"wp-image-183\" srcset=\"https:\/\/museosvirtuales.net.ar\/wp-content\/uploads\/2022\/04\/IMG_20190905_170646_1-1024x563.jpg 1024w, https:\/\/museosvirtuales.net.ar\/wp-content\/uploads\/2022\/04\/IMG_20190905_170646_1-300x165.jpg 300w, https:\/\/museosvirtuales.net.ar\/wp-content\/uploads\/2022\/04\/IMG_20190905_170646_1-768x422.jpg 768w, https:\/\/museosvirtuales.net.ar\/wp-content\/uploads\/2022\/04\/IMG_20190905_170646_1-1536x845.jpg 1536w, https:\/\/museosvirtuales.net.ar\/wp-content\/uploads\/2022\/04\/IMG_20190905_170646_1-2048x1127.jpg 2048w\" sizes=\"(max-width: 767px) 89vw, (max-width: 1000px) 54vw, (max-width: 1071px) 543px, 580px\" \/><\/figure><\/div>\n\n\n\n<p><p align=\"justify\">Emplazado en el Espacio Memoria y Derechos Humanos (ex ESMA) el Museo Malvinas e Islas del Atl\u00e1ntico Sur invita a conocer la geograf\u00eda, la flora y la fauna de las Islas Malvinas as\u00ed como su historia pol\u00edtico-cultural, en el marco de nuestro reclamo de soberan\u00eda que lleva casi 200 a\u00f1os.<br>Creado por el decreto 809\/2014 tiene por objeto hacer una reivindicaci\u00f3n de la soberan\u00eda nacional sobre las Islas Malvinas, Islas del Atl\u00e1ntico Sur, el Sector Ant\u00e1rtico y el Mar Circundante conforme los lineamientos de la disposici\u00f3n transitoria n\u00famero uno de la Constituci\u00f3n Nacional.<br>El recorrido del Museo se divide en 4 ejes tem\u00e1ticos:<p>\n\n\n\n<p><strong>Planta baja y primera parte del primer piso.<\/strong><\/p>\n\n\n\n<p><p align=\"justify\">En esta primera parte encontramos todos los argumentos geogr\u00e1ficos de soberan\u00eda, incluyendo las descripciones de la flora y fauna de Malvinas, su importancia geopol\u00edtica as\u00ed como los recursos naturales (renovables y no renovables) que se encuentran en nuestro mar circundante en el Atl\u00e1ntico Sur.<br>Esta secci\u00f3n termina con una muestra permanente dedicada exclusivamente al Sector Ant\u00e1rtico Argentino.<p>\n\n\n\n<p><strong>Segunda parte del primer piso.<\/strong><\/p>\n\n\n\n<p><p align=\"justify\">Aqu\u00ed comienza el recorrido hist\u00f3rico del Museo, en donde se exponen los argumentos hist\u00f3ricos y jur\u00eddicos de soberan\u00eda desde el per\u00edodo colonial (1494-1810), las administraciones argentinas en Malvinas (1810-1832) y el largo recorrido de reclamo diplom\u00e1tico y pac\u00edfico de soberan\u00eda una vez consumada la usurpaci\u00f3n brit\u00e1nica de las Islas en 1833 hasta la guerra de Malvinas en 1982.<p>\n\n\n\n<p><strong>Segunda parte del primer piso y parte del segundo piso<\/strong>.<\/p>\n\n\n\n<p><p align=\"justify\">La guerra de Malvinas es uno de los puntos m\u00e1s importantes y sensibles de nuestra historia reciente. Nuestro recorrido la incorpora al final del primer piso con una pel\u00edcula llamada Las tres plazas que manifiesta el contexto hist\u00f3rico de la guerra de Malvinas. Entrado en el segundo piso la sala de La vida en la guerra, cuya muestra museol\u00f3gica se compone de objetos donados por excombatientes que buscan reflejar las condiciones en las cuales vivieron el conflicto b\u00e9lico.<p>\n\n\n\n<p><strong>Posguerra y Democracia &#8211; Segunda parte del segundo piso.<\/strong><\/p>\n\n\n\n<p><p align=\"justify\">Hacia el final del recorrido los visitantes podr\u00e1n encontrarse con el relato hist\u00f3rico de lo sucedido luego del conflicto b\u00e9lico: la elaboraci\u00f3n del Informe Rattenbach, as\u00ed como las vicisitudes de los excombatientes, quienes pasaron del olvido al justo reconocimiento.<br>Esta parte refiere tambi\u00e9n a la actualidad de la causa Malvinas en un intento de reflexi\u00f3n acerca de los desaf\u00edos que tenemos hoy en d\u00eda como Naci\u00f3n a la hora de continuar con el reclamo de soberan\u00eda entendiendo la Causa Malvinas como una Causa nacional, regional y global.<p>\n\n\n\n<p><a href=\"https:\/\/museosvirtuales.net.ar\/visitas\/caba\/museomalvinas\/museomalvinas.html\">Planta Baja<\/a><\/p>\n\n\n\n<p><a href=\"https:\/\/museosvirtuales.net.ar\/visitas\/caba\/museomalvinas\/museomalvinas2.html\">Primer Piso<\/a><\/p>\n\n\n\n<p><a href=\"https:\/\/museosvirtuales.net.ar\/visitas\/caba\/museomalvinas\/museomalvinas3.html\">Segundo Piso<\/a><\/p>\n","protected":false},"excerpt":{"rendered":"<p>Emplazado en el Espacio Memoria y Derechos Humanos (ex ESMA) el Museo Malvinas e Islas del Atl\u00e1ntico Sur invita a conocer la geograf\u00eda, la flora y la fauna de las Islas Malvinas as\u00ed como su historia pol\u00edtico-cultural, en el marco de nuestro reclamo de soberan\u00eda que lleva casi 200 a\u00f1os.Creado por el decreto 809\/2014 tiene &hellip; <\/p>\n<p class=\"link-more\"><a href=\"https:\/\/museosvirtuales.net.ar\/index.php\/museomalvinas\/\" class=\"more-link\">Continue reading<span class=\"screen-reader-text\"> &#8220;Museo Malvinas e Islas del Atl\u00e1ntico Sur&#8221;<\/span><\/a><\/p>\n","protected":false},"author":1,"featured_media":0,"parent":0,"menu_order":0,"comment_status":"closed","ping_status":"closed","template":"","meta":[],"_links":{"self":[{"href":"https:\/\/museosvirtuales.net.ar\/index.php\/wp-json\/wp\/v2\/pages\/179"}],"collection":[{"href":"https:\/\/museosvirtuales.net.ar\/index.php\/wp-json\/wp\/v2\/pages"}],"about":[{"href":"https:\/\/museosvirtuales.net.ar\/index.php\/wp-json\/wp\/v2\/types\/page"}],"author":[{"embeddable":true,"href":"https:\/\/museosvirtuales.net.ar\/index.php\/wp-json\/wp\/v2\/users\/1"}],"replies":[{"embeddable":true,"href":"https:\/\/museosvirtuales.net.ar\/index.php\/wp-json\/wp\/v2\/comments?post=179"}],"version-history":[{"count":3,"href":"https:\/\/museosvirtuales.net.ar\/index.php\/wp-json\/wp\/v2\/pages\/179\/revisions"}],"predecessor-version":[{"id":250,"href":"https:\/\/museosvirtuales.net.ar\/index.php\/wp-json\/wp\/v2\/pages\/179\/revisions\/250"}],"wp:attachment":[{"href":"https:\/\/museosvirtuales.net.ar\/index.php\/wp-json\/wp\/v2\/media?parent=179"}],"curies":[{"name":"wp","href":"https:\/\/api.w.org\/{rel}","templated":true}]}}