{"id":216,"date":"2022-07-04T05:53:01","date_gmt":"2022-07-04T05:53:01","guid":{"rendered":"https:\/\/museosvirtuales.ar\/?page_id=216"},"modified":"2025-10-26T17:30:07","modified_gmt":"2025-10-26T17:30:07","slug":"museo-de-informatica","status":"publish","type":"page","link":"https:\/\/museosvirtuales.net.ar\/index.php\/museo-de-informatica\/","title":{"rendered":"Museo de Inform\u00e1tica"},"content":{"rendered":"\n<figure class=\"wp-block-image size-large\"><img loading=\"lazy\" width=\"902\" height=\"1024\" src=\"https:\/\/museosvirtuales.ar\/wp-content\/uploads\/2022\/07\/IMG_20220507_155124051-902x1024.jpg\" alt=\"\" class=\"wp-image-217\" srcset=\"https:\/\/museosvirtuales.net.ar\/wp-content\/uploads\/2022\/07\/IMG_20220507_155124051-902x1024.jpg 902w, https:\/\/museosvirtuales.net.ar\/wp-content\/uploads\/2022\/07\/IMG_20220507_155124051-264x300.jpg 264w, https:\/\/museosvirtuales.net.ar\/wp-content\/uploads\/2022\/07\/IMG_20220507_155124051-768x872.jpg 768w, https:\/\/museosvirtuales.net.ar\/wp-content\/uploads\/2022\/07\/IMG_20220507_155124051-1353x1536.jpg 1353w, https:\/\/museosvirtuales.net.ar\/wp-content\/uploads\/2022\/07\/IMG_20220507_155124051-1804x2048.jpg 1804w\" sizes=\"(max-width: 767px) 89vw, (max-width: 1000px) 54vw, (max-width: 1071px) 543px, 580px\" \/><\/figure>\n\n\n\n<p><\/p><p align=\"justify\">Es el primer Museo de Inform\u00e1tica de nuestro pa\u00eds y la exhibici\u00f3n de equipos inform\u00e1ticos hist\u00f3ricos favorece la ense\u00f1anza a trav\u00e9s de objetos reales y operativos, brindando una oportunidad \u00fanica al p\u00fablico en general, estudiantes y profesionales. Posicionado como el segundo m\u00e1s grande del mundo con sus 48.000 piezas.<\/p><p><\/p>\n\n\n\n<p><a href=\"https:\/\/museosvirtuales.net.ar\/visitas\/caba\/museoinformatica\/museoinformatica.html\">Visita Virtual<\/a><\/p>\n","protected":false},"excerpt":{"rendered":"<p>Es el primer Museo de Inform\u00e1tica de nuestro pa\u00eds y la exhibici\u00f3n de equipos inform\u00e1ticos hist\u00f3ricos favorece la ense\u00f1anza a trav\u00e9s de objetos reales y operativos, brindando una oportunidad \u00fanica al p\u00fablico en general, estudiantes y profesionales. Posicionado como el segundo m\u00e1s grande del mundo con sus 48.000 piezas. Visita Virtual<\/p>\n","protected":false},"author":1,"featured_media":0,"parent":0,"menu_order":0,"comment_status":"closed","ping_status":"closed","template":"","meta":[],"_links":{"self":[{"href":"https:\/\/museosvirtuales.net.ar\/index.php\/wp-json\/wp\/v2\/pages\/216"}],"collection":[{"href":"https:\/\/museosvirtuales.net.ar\/index.php\/wp-json\/wp\/v2\/pages"}],"about":[{"href":"https:\/\/museosvirtuales.net.ar\/index.php\/wp-json\/wp\/v2\/types\/page"}],"author":[{"embeddable":true,"href":"https:\/\/museosvirtuales.net.ar\/index.php\/wp-json\/wp\/v2\/users\/1"}],"replies":[{"embeddable":true,"href":"https:\/\/museosvirtuales.net.ar\/index.php\/wp-json\/wp\/v2\/comments?post=216"}],"version-history":[{"count":3,"href":"https:\/\/museosvirtuales.net.ar\/index.php\/wp-json\/wp\/v2\/pages\/216\/revisions"}],"predecessor-version":[{"id":249,"href":"https:\/\/museosvirtuales.net.ar\/index.php\/wp-json\/wp\/v2\/pages\/216\/revisions\/249"}],"wp:attachment":[{"href":"https:\/\/museosvirtuales.net.ar\/index.php\/wp-json\/wp\/v2\/media?parent=216"}],"curies":[{"name":"wp","href":"https:\/\/api.w.org\/{rel}","templated":true}]}}