{"id":257,"date":"2026-01-20T21:31:58","date_gmt":"2026-01-20T21:31:58","guid":{"rendered":"https:\/\/museosvirtuales.net.ar\/?page_id=257"},"modified":"2026-01-20T22:22:00","modified_gmt":"2026-01-20T22:22:00","slug":"para-docentes","status":"publish","type":"page","link":"https:\/\/museosvirtuales.net.ar\/index.php\/para-docentes\/","title":{"rendered":"Para Docentes"},"content":{"rendered":"\n<p>En este espacio podr\u00e1s encontrar gu\u00edas did\u00e1cticas de cada museo. Podes elegir descargarlas en el formato que quieras<\/p>\n\n\n\n<p><strong>Museo Alcalde Lorenzo L\u00f3pez<\/strong><br><a href=\"https:\/\/museosvirtuales.net.ar\/wp-content\/uploads\/2026\/01\/Guia-didactica-ALCALDE-LORENZO-LOPEZ.pdf\" target=\"_blank\" rel=\"noreferrer noopener\">PDF<\/a><br><a href=\"https:\/\/museosvirtuales.net.ar\/wp-content\/uploads\/2026\/01\/Guia-didactica-ALCALDE-LORENZO-LOPEZ.docx\" target=\"_blank\" rel=\"noreferrer noopener\">Word<\/a><\/p>\n\n\n\n<p><strong>Museo Parroquial \u201cJos\u00e9 Ram\u00f3n de la Villa\u201d<\/strong><br><a href=\"https:\/\/museosvirtuales.net.ar\/wp-content\/uploads\/2026\/01\/Guia-didactica-MUSEO-PARROQUIAL-JOSE-RAMON-DE-LA-VILLA.pdf\" target=\"_blank\" rel=\"noreferrer noopener\">PDF<\/a><br><a href=\"https:\/\/museosvirtuales.net.ar\/wp-content\/uploads\/2026\/01\/Guia-didactica-MUSEO-PARROQUIAL-JOSE-RAMON-DE-LA-VILLA.docx\" target=\"_blank\" rel=\"noreferrer noopener\">Word<\/a><\/p>\n\n\n\n<p><strong>Complejo Museogr\u00e1fico Provincial \u201cEnrique Udaondo\u201d<\/strong><br><strong>Cabildo de Luj\u00e1n<\/strong><br><a rel=\"noreferrer noopener\" href=\"https:\/\/museosvirtuales.net.ar\/wp-content\/uploads\/2026\/01\/Guia-didactica-COMPLEJO-MUSEOGRAFICO-ENRIQUE-UDAONDO-CABILDO-DE-LUJAN.pdf\" target=\"_blank\">PDF<\/a><br><a rel=\"noreferrer noopener\" href=\"https:\/\/museosvirtuales.net.ar\/wp-content\/uploads\/2026\/01\/Guia-didactica-COMPLEJO-MUSEOGRAFICO-ENRIQUE-UDAONDO-CABILDO-DE-LUJAN.docx\" target=\"_blank\">Word<\/a><br><br><strong>Museo del Transporte<\/strong><br><a rel=\"noreferrer noopener\" href=\"https:\/\/museosvirtuales.net.ar\/wp-content\/uploads\/2026\/01\/Guia-didactica-COMPLEJO-MUSEOGRAFICO-ENRIQUE-UDAONDO-MUSEO-DEL-TRANSPORTE.pdf\" target=\"_blank\">PDF<\/a><br><a rel=\"noreferrer noopener\" href=\"https:\/\/museosvirtuales.net.ar\/wp-content\/uploads\/2026\/01\/Guia-didactica-COMPLEJO-MUSEOGRAFICO-ENRIQUE-UDAONDO-MUSEO-DEL-TRANSPORTE.docx\" target=\"_blank\">Word<\/a><br><br><strong>Sal\u00f3n del Autom\u00f3vil<\/strong><br><a rel=\"noreferrer noopener\" href=\"http:\/\/PDF Word\" target=\"_blank\">PDF<\/a><br><a rel=\"noreferrer noopener\" href=\"https:\/\/museosvirtuales.net.ar\/wp-content\/uploads\/2026\/01\/Guia-didactica-COMPLEJO-MUSEOGRAFICO-ENRIQUE-UDAONDO-SALON-DEL-AUTOMOVIL.docx\" target=\"_blank\">Word<\/a><br><br><strong>Museo Casa Ameghino<\/strong><br><a rel=\"noreferrer noopener\" href=\"https:\/\/museosvirtuales.net.ar\/wp-content\/uploads\/2026\/01\/Guia-didactica-MUSEO-CASA-AMEGHINO.pdf\" data-type=\"URL\" data-id=\"https:\/\/museosvirtuales.net.ar\/wp-content\/uploads\/2026\/01\/Guia-didactica-MUSEO-CASA-AMEGHINO.pdf\" target=\"_blank\">PDF<\/a><br><a rel=\"noreferrer noopener\" href=\"https:\/\/museosvirtuales.net.ar\/wp-content\/uploads\/2026\/01\/Guia-didactica-MUSEO-CASA-AMEGHINO.docx\" target=\"_blank\">Word<\/a><\/p>\n\n\n\n<p><strong>Museo Cripta Bas\u00edlica Ntra. Sra. de Luj\u00e1n<\/strong><br><a href=\"https:\/\/museosvirtuales.net.ar\/wp-content\/uploads\/2026\/01\/Guia-didactica-CRIPTA-MUSEO-BASILICA-DE-LUJAN.pdf\" target=\"_blank\" rel=\"noreferrer noopener\">PDF<\/a><br><a href=\"https:\/\/museosvirtuales.net.ar\/wp-content\/uploads\/2026\/01\/Guia-didactica-CRIPTA-MUSEO-BASILICA-DE-LUJAN.docx\" target=\"_blank\" rel=\"noreferrer noopener\">Word<\/a><\/p>\n\n\n\n<p><strong>Museo de Inform\u00e1tica<\/strong><br><a rel=\"noreferrer noopener\" href=\"https:\/\/museosvirtuales.net.ar\/wp-content\/uploads\/2026\/01\/Guia-didactica-MUSEO-DE-INFORMATICA.pdf\" target=\"_blank\">PDF<\/a><br><a rel=\"noreferrer noopener\" href=\"https:\/\/museosvirtuales.net.ar\/wp-content\/uploads\/2026\/01\/Guia-didactica-MUSEO-DE-INFORMATICA.docx\" target=\"_blank\">Word<\/a><br><br><strong>Museo del Autom\u00f3vil<\/strong><br><a rel=\"noreferrer noopener\" href=\"https:\/\/museosvirtuales.net.ar\/wp-content\/uploads\/2026\/01\/Guia-didactica-MUSEO-DEL-AUTOMOVIL.pdf\" target=\"_blank\">PDF<\/a><br><a rel=\"noreferrer noopener\" href=\"https:\/\/museosvirtuales.net.ar\/wp-content\/uploads\/2026\/01\/Guia-didactica-MUSEO-DEL-AUTOMOVIL.docx\" target=\"_blank\">Word<\/a><br><br><strong>Museo del Ferroviario<\/strong><br><a rel=\"noreferrer noopener\" href=\"https:\/\/museosvirtuales.net.ar\/wp-content\/uploads\/2026\/01\/Guia-didactica-MUSEO-FERROVIARIO.pdf\" target=\"_blank\">PDF<\/a><br><a rel=\"noreferrer noopener\" href=\"https:\/\/museosvirtuales.net.ar\/wp-content\/uploads\/2026\/01\/Guia-didactica-MUSEO-FERROVIARIO.docx\" target=\"_blank\">Word<\/a><\/p>\n\n\n\n<p><strong>Museo del Tren<\/strong><br><a href=\"https:\/\/museosvirtuales.net.ar\/wp-content\/uploads\/2026\/01\/Guia-didactica-MUSEO-DEL-TREN.pdf\" target=\"_blank\" rel=\"noreferrer noopener\">PDF<\/a><br><a href=\"https:\/\/museosvirtuales.net.ar\/wp-content\/uploads\/2026\/01\/Guia-didactica-MUSEO-DEL-TREN.docx\" target=\"_blank\" rel=\"noreferrer noopener\">Word<\/a><\/p>\n\n\n\n<p><strong>Museo Dr. Agust\u00edn Campiglia<\/strong><br><a href=\"https:\/\/museosvirtuales.net.ar\/wp-content\/uploads\/2026\/01\/Guia-didactica-MUSEO-DR-AGUSTIN-CAMPIGLIA.pdf\" target=\"_blank\" rel=\"noreferrer noopener\">PDF<\/a><br><a href=\"https:\/\/museosvirtuales.net.ar\/wp-content\/uploads\/2026\/01\/Guia-didactica-MUSEO-DR-AGUSTIN-CAMPIGLIA.docx\" target=\"_blank\" rel=\"noreferrer noopener\">Word<\/a><\/p>\n\n\n\n<p><strong>Museo del Periodismo Bonaerense<\/strong><br><a href=\"https:\/\/museosvirtuales.net.ar\/wp-content\/uploads\/2026\/01\/Guia-didactica-MUSEO-DEL-PERIODISMO-BONAERENSE.pdf\" target=\"_blank\" rel=\"noreferrer noopener\">PDF<\/a><br><a href=\"https:\/\/museosvirtuales.net.ar\/wp-content\/uploads\/2026\/01\/Guia-didactica-MUSEO-DEL-PERIODISMO-BONAERENSE.docx\" target=\"_blank\" rel=\"noreferrer noopener\">Word<\/a><\/p>\n\n\n\n<p><strong>Museo Malvinas e Islas del Atl\u00e1ntico Sur<\/strong><br><a href=\"https:\/\/museosvirtuales.net.ar\/wp-content\/uploads\/2026\/01\/Guia-didactica-MUSEO-MALVINAS-E-ISLAS-DEL-ATLANTICO-SUR.pdf\" target=\"_blank\" rel=\"noreferrer noopener\">PDF<\/a><br><a href=\"https:\/\/museosvirtuales.net.ar\/wp-content\/uploads\/2026\/01\/Guia-didactica-MUSEO-MALVINAS-E-ISLAS-DEL-ATLANTICO-SUR.docx\" target=\"_blank\" rel=\"noreferrer noopener\">Word<\/a><\/p>\n\n\n\n<p><strong>Museo Parlamentario<\/strong><br><a href=\"https:\/\/museosvirtuales.net.ar\/wp-content\/uploads\/2026\/01\/Guia-didactica-MUSEO-PARLAMENTARIO.pdf\" target=\"_blank\" rel=\"noreferrer noopener\">PDF<\/a><br><a href=\"https:\/\/museosvirtuales.net.ar\/wp-content\/uploads\/2026\/01\/Guia-didactica-MUSEO-PARLAMENTARIO.docx\" target=\"_blank\" rel=\"noreferrer noopener\">Word<\/a><\/p>\n\n\n\n<p><strong>Museo y Archivo Hist\u00f3rico Quinta Jovita<\/strong><br><a href=\"https:\/\/museosvirtuales.net.ar\/wp-content\/uploads\/2026\/01\/Guia-didactica-MUSEO-QUINTA-JOVITA.pdf\" target=\"_blank\" rel=\"noreferrer noopener\">PDF<\/a><br><a href=\"https:\/\/museosvirtuales.net.ar\/wp-content\/uploads\/2026\/01\/Guia-didactica-MUSEO-QUINTA-JOVITA.docx\" target=\"_blank\" rel=\"noreferrer noopener\">Word<\/a><\/p>\n","protected":false},"excerpt":{"rendered":"<p>En este espacio podr\u00e1s encontrar gu\u00edas did\u00e1cticas de cada museo. Podes elegir descargarlas en el formato que quieras Museo Alcalde Lorenzo L\u00f3pezPDFWord Museo Parroquial \u201cJos\u00e9 Ram\u00f3n de la Villa\u201dPDFWord Complejo Museogr\u00e1fico Provincial \u201cEnrique Udaondo\u201dCabildo de Luj\u00e1nPDFWord Museo del TransportePDFWord Sal\u00f3n del Autom\u00f3vilPDFWord Museo Casa AmeghinoPDFWord Museo Cripta Bas\u00edlica Ntra. Sra. de Luj\u00e1nPDFWord Museo de Inform\u00e1ticaPDFWord &hellip; <\/p>\n<p class=\"link-more\"><a href=\"https:\/\/museosvirtuales.net.ar\/index.php\/para-docentes\/\" class=\"more-link\">Continue reading<span class=\"screen-reader-text\"> &#8220;Para Docentes&#8221;<\/span><\/a><\/p>\n","protected":false},"author":1,"featured_media":0,"parent":0,"menu_order":0,"comment_status":"closed","ping_status":"closed","template":"","meta":[],"_links":{"self":[{"href":"https:\/\/museosvirtuales.net.ar\/index.php\/wp-json\/wp\/v2\/pages\/257"}],"collection":[{"href":"https:\/\/museosvirtuales.net.ar\/index.php\/wp-json\/wp\/v2\/pages"}],"about":[{"href":"https:\/\/museosvirtuales.net.ar\/index.php\/wp-json\/wp\/v2\/types\/page"}],"author":[{"embeddable":true,"href":"https:\/\/museosvirtuales.net.ar\/index.php\/wp-json\/wp\/v2\/users\/1"}],"replies":[{"embeddable":true,"href":"https:\/\/museosvirtuales.net.ar\/index.php\/wp-json\/wp\/v2\/comments?post=257"}],"version-history":[{"count":11,"href":"https:\/\/museosvirtuales.net.ar\/index.php\/wp-json\/wp\/v2\/pages\/257\/revisions"}],"predecessor-version":[{"id":310,"href":"https:\/\/museosvirtuales.net.ar\/index.php\/wp-json\/wp\/v2\/pages\/257\/revisions\/310"}],"wp:attachment":[{"href":"https:\/\/museosvirtuales.net.ar\/index.php\/wp-json\/wp\/v2\/media?parent=257"}],"curies":[{"name":"wp","href":"https:\/\/api.w.org\/{rel}","templated":true}]}}