{"id":43,"date":"2022-04-25T05:21:40","date_gmt":"2022-04-25T05:21:40","guid":{"rendered":"https:\/\/museosvirtuales.ar\/?page_id=43"},"modified":"2025-10-26T17:11:19","modified_gmt":"2025-10-26T17:11:19","slug":"zarate","status":"publish","type":"page","link":"https:\/\/museosvirtuales.net.ar\/index.php\/zarate\/","title":{"rendered":"Z\u00e1rate"},"content":{"rendered":"\n<div class=\"wp-block-image\"><figure class=\"aligncenter size-full\"><img loading=\"lazy\" width=\"760\" height=\"556\" src=\"https:\/\/museosvirtuales.ar\/wp-content\/uploads\/2022\/04\/IMG_20220421_093802701_HDR-1.jpg\" alt=\"\" class=\"wp-image-52\" srcset=\"https:\/\/museosvirtuales.net.ar\/wp-content\/uploads\/2022\/04\/IMG_20220421_093802701_HDR-1.jpg 760w, https:\/\/museosvirtuales.net.ar\/wp-content\/uploads\/2022\/04\/IMG_20220421_093802701_HDR-1-300x219.jpg 300w\" sizes=\"(max-width: 706px) 89vw, (max-width: 767px) 82vw, 740px\" \/><\/figure><\/div>\n\n\n\n<p align=\"justify\">El Partido de Z\u00e1rate se ubica al NE de la Provincia de Buenos Aires, emplaz\u00e1ndose en el sector denominado Corredor del R\u00edo Paran\u00e1 o Hidrov\u00eda del Paran\u00e1. Limita al Nordeste con el R\u00edo Paran\u00e1 Guaz\u00fa, al sudeste con el Partido de Campana, al sur con el de Exaltaci\u00f3n de la Cruz y San Antonio de Areco y al Noroeste con Baradero. Sus territorios se localizan a la Ribera de dos brazos del R\u00edo Paran\u00e1: el Paran\u00e1 de Las Palmas y el Paran\u00e1 Guaz\u00fa. <br>Con una poblaci\u00f3n aproximada de 130.000 habitantes y a 90 km de la Ciudad Aut\u00f3noma de Buenos Aires, el Partido est\u00e1 compuesto por la ciudad de Z\u00e1rate, cabecera del Municipio y las localidades de Lima, Escalada e Islas Talavera y Botija (reserva natural).&nbsp; <br>Z\u00e1rate tiene una poblaci\u00f3n con fuerte cultura y trayectoria portuaria e industrial que constituye un factor favorable en t\u00e9rminos de provisi\u00f3n de servicios y mano de obra con distintos niveles de calificaci\u00f3n, ya que, junto con las grandes empresas se han desarrollado una gran cantidad de PyMEs, principalmente de servicios, que acompa\u00f1an el crecimiento de aquellas.&nbsp; <br>Adem\u00e1s, la regi\u00f3n posee un complejo muy importante de instalaciones portuarias situadas sobre la margen derecha del R\u00edo Paran\u00e1 de las Palmas. <\/p>\n\n\n\n<p><strong>Museos<\/strong><\/p>\n\n\n\n<p><a href=\"https:\/\/museosvirtuales.net.ar\/index.php\/museoquintajovita\/\">Museo y Archivo Hist\u00f3rico Quinta Jovita<\/a><\/p>\n\n\n\n<p><strong>Como llegar a Z\u00e1rate<\/strong><\/p>\n\n\n\n<p align=\"center\"><iframe src=\"https:\/\/www.google.com\/maps\/embed?pb=!1m18!1m12!1m3!1d52856.97479712804!2d-59.076801891240805!3d-34.10638693120504!2m3!1f0!2f0!3f0!3m2!1i1024!2i768!4f13.1!3m3!1m2!1s0x95bb0b6a92357b4d%3A0x5f7d9ac7c145085d!2sZ%C3%A1rate%2C%20Provincia%20de%20Buenos%20Aires!5e0!3m2!1ses!2sar!4v1650862704148!5m2!1ses!2sar\" width=\"600\" height=\"450\" style=\"border:0;\" allowfullscreen=\"\" loading=\"lazy\" referrerpolicy=\"no-referrer-when-downgrade\"><\/iframe><\/p>\n\n\n\n<p><\/p>\n","protected":false},"excerpt":{"rendered":"<p>El Partido de Z\u00e1rate se ubica al NE de la Provincia de Buenos Aires, emplaz\u00e1ndose en el sector denominado Corredor del R\u00edo Paran\u00e1 o Hidrov\u00eda del Paran\u00e1. Limita al Nordeste con el R\u00edo Paran\u00e1 Guaz\u00fa, al sudeste con el Partido de Campana, al sur con el de Exaltaci\u00f3n de la Cruz y San Antonio de &hellip; <\/p>\n<p class=\"link-more\"><a href=\"https:\/\/museosvirtuales.net.ar\/index.php\/zarate\/\" class=\"more-link\">Continue reading<span class=\"screen-reader-text\"> &#8220;Z\u00e1rate&#8221;<\/span><\/a><\/p>\n","protected":false},"author":1,"featured_media":0,"parent":0,"menu_order":0,"comment_status":"closed","ping_status":"closed","template":"","meta":[],"_links":{"self":[{"href":"https:\/\/museosvirtuales.net.ar\/index.php\/wp-json\/wp\/v2\/pages\/43"}],"collection":[{"href":"https:\/\/museosvirtuales.net.ar\/index.php\/wp-json\/wp\/v2\/pages"}],"about":[{"href":"https:\/\/museosvirtuales.net.ar\/index.php\/wp-json\/wp\/v2\/types\/page"}],"author":[{"embeddable":true,"href":"https:\/\/museosvirtuales.net.ar\/index.php\/wp-json\/wp\/v2\/users\/1"}],"replies":[{"embeddable":true,"href":"https:\/\/museosvirtuales.net.ar\/index.php\/wp-json\/wp\/v2\/comments?post=43"}],"version-history":[{"count":12,"href":"https:\/\/museosvirtuales.net.ar\/index.php\/wp-json\/wp\/v2\/pages\/43\/revisions"}],"predecessor-version":[{"id":228,"href":"https:\/\/museosvirtuales.net.ar\/index.php\/wp-json\/wp\/v2\/pages\/43\/revisions\/228"}],"wp:attachment":[{"href":"https:\/\/museosvirtuales.net.ar\/index.php\/wp-json\/wp\/v2\/media?parent=43"}],"curies":[{"name":"wp","href":"https:\/\/api.w.org\/{rel}","templated":true}]}}