{"id":54,"date":"2022-04-25T05:21:31","date_gmt":"2022-04-25T05:21:31","guid":{"rendered":"https:\/\/museosvirtuales.ar\/?page_id=54"},"modified":"2025-10-26T17:11:53","modified_gmt":"2025-10-26T17:11:53","slug":"museoquintajovita","status":"publish","type":"page","link":"https:\/\/museosvirtuales.net.ar\/index.php\/museoquintajovita\/","title":{"rendered":"Museo y Archivo Hist\u00f3rico Quinta Jovita"},"content":{"rendered":"\n<div class=\"wp-block-image\"><figure class=\"aligncenter size-large\"><img loading=\"lazy\" width=\"872\" height=\"1024\" src=\"https:\/\/museosvirtuales.ar\/wp-content\/uploads\/2022\/04\/Museo-Quinta-Jovita-872x1024.jpg\" alt=\"\" class=\"wp-image-55\" srcset=\"https:\/\/museosvirtuales.net.ar\/wp-content\/uploads\/2022\/04\/Museo-Quinta-Jovita-872x1024.jpg 872w, https:\/\/museosvirtuales.net.ar\/wp-content\/uploads\/2022\/04\/Museo-Quinta-Jovita-255x300.jpg 255w, https:\/\/museosvirtuales.net.ar\/wp-content\/uploads\/2022\/04\/Museo-Quinta-Jovita-768x902.jpg 768w, https:\/\/museosvirtuales.net.ar\/wp-content\/uploads\/2022\/04\/Museo-Quinta-Jovita-1308x1536.jpg 1308w, https:\/\/museosvirtuales.net.ar\/wp-content\/uploads\/2022\/04\/Museo-Quinta-Jovita-1744x2048.jpg 1744w, https:\/\/museosvirtuales.net.ar\/wp-content\/uploads\/2022\/04\/Museo-Quinta-Jovita.jpg 1883w\" sizes=\"(max-width: 767px) 89vw, (max-width: 1000px) 54vw, (max-width: 1071px) 543px, 580px\" \/><\/figure><\/div>\n\n\n\n<p align=\"justify\">La quinta Jovita, sede del museo y archivo hist\u00f3rico municipal, perteneci\u00f3 a Manuel Jos\u00e9 de la torre y Soler quien la bautiz\u00f3 con el nombre de su esposa, Jovita Godoy. La tradicional casona fue habitada lo largo de un siglo por tres generaciones que supieron conservar las tradiciones y la rica historia familiar vinculada a episodios del pasado local y nacional. <br>En 1987, con la muerte de Manuel Jos\u00e9 y Ana Mar\u00eda P\u00e9rez de la torre, nietos del primer morador, la hermana sobreviviente, Hortensia, pas\u00f3 al cuidado de su sobrino, el doctor Joaqu\u00edn H Leiva P\u00e9rez de la torre, quedando la casa deshabitada durante seis a\u00f1os.  <br>Tras arduas gestiones, la propiedad fue finalmente donada a la municipalidad de Z\u00e1rate por los herederos Ana In\u00e9s y Hern\u00e1n Horacio Leiva con el expreso fin de constituirse en la sede definitiva del museo hist\u00f3rico. Dicha donaci\u00f3n fue aceptada por el honorable concejo deliberante por ordenanza 2881 del 4 de noviembre de 1993.  <br>El avanzado estado de deterioro de la vivienda no impidi\u00f3 que desde su traspaso a la \u00f3rbita municipal se realizar\u00e1n m\u00faltiples actividades culturales que tuvieron por objetivo aunar voluntades para su restauraci\u00f3n.  <br>Desde entonces y, con la colaboraci\u00f3n permanente de la asociaci\u00f3n de amigos del museo, se llev\u00f3 adelante la puesta en valor de este bien cultural que fue declarado monumento hist\u00f3rico Provincial por ley 12.333 del a\u00f1o 1999. <\/p>\n\n\n\n<p><a href=\"https:\/\/museosvirtuales.net.ar\/visitas\/zarate\/quintajovita.html\">Visita Virtual<\/a><\/p>\n","protected":false},"excerpt":{"rendered":"<p>La quinta Jovita, sede del museo y archivo hist\u00f3rico municipal, perteneci\u00f3 a Manuel Jos\u00e9 de la torre y Soler quien la bautiz\u00f3 con el nombre de su esposa, Jovita Godoy. La tradicional casona fue habitada lo largo de un siglo por tres generaciones que supieron conservar las tradiciones y la rica historia familiar vinculada a &hellip; <\/p>\n<p class=\"link-more\"><a href=\"https:\/\/museosvirtuales.net.ar\/index.php\/museoquintajovita\/\" class=\"more-link\">Continue reading<span class=\"screen-reader-text\"> &#8220;Museo y Archivo Hist\u00f3rico Quinta Jovita&#8221;<\/span><\/a><\/p>\n","protected":false},"author":1,"featured_media":0,"parent":0,"menu_order":0,"comment_status":"closed","ping_status":"closed","template":"","meta":[],"_links":{"self":[{"href":"https:\/\/museosvirtuales.net.ar\/index.php\/wp-json\/wp\/v2\/pages\/54"}],"collection":[{"href":"https:\/\/museosvirtuales.net.ar\/index.php\/wp-json\/wp\/v2\/pages"}],"about":[{"href":"https:\/\/museosvirtuales.net.ar\/index.php\/wp-json\/wp\/v2\/types\/page"}],"author":[{"embeddable":true,"href":"https:\/\/museosvirtuales.net.ar\/index.php\/wp-json\/wp\/v2\/users\/1"}],"replies":[{"embeddable":true,"href":"https:\/\/museosvirtuales.net.ar\/index.php\/wp-json\/wp\/v2\/comments?post=54"}],"version-history":[{"count":5,"href":"https:\/\/museosvirtuales.net.ar\/index.php\/wp-json\/wp\/v2\/pages\/54\/revisions"}],"predecessor-version":[{"id":229,"href":"https:\/\/museosvirtuales.net.ar\/index.php\/wp-json\/wp\/v2\/pages\/54\/revisions\/229"}],"wp:attachment":[{"href":"https:\/\/museosvirtuales.net.ar\/index.php\/wp-json\/wp\/v2\/media?parent=54"}],"curies":[{"name":"wp","href":"https:\/\/api.w.org\/{rel}","templated":true}]}}