{"id":60,"date":"2022-04-25T06:00:26","date_gmt":"2022-04-25T06:00:26","guid":{"rendered":"https:\/\/museosvirtuales.ar\/?page_id=60"},"modified":"2025-10-26T17:12:47","modified_gmt":"2025-10-26T17:12:47","slug":"campana","status":"publish","type":"page","link":"https:\/\/museosvirtuales.net.ar\/index.php\/campana\/","title":{"rendered":"Campana"},"content":{"rendered":"\n<div class=\"wp-block-image\"><figure class=\"aligncenter size-full\"><img loading=\"lazy\" width=\"594\" height=\"522\" src=\"https:\/\/museosvirtuales.ar\/wp-content\/uploads\/2022\/04\/Municipalidad-campana.jpg\" alt=\"\" class=\"wp-image-61\" srcset=\"https:\/\/museosvirtuales.net.ar\/wp-content\/uploads\/2022\/04\/Municipalidad-campana.jpg 594w, https:\/\/museosvirtuales.net.ar\/wp-content\/uploads\/2022\/04\/Municipalidad-campana-300x264.jpg 300w\" sizes=\"(max-width: 594px) 100vw, 594px\" \/><\/figure><\/div>\n\n\n\n<p><p align=\"justify\">Campana est\u00e1 ubicada en la provincia de Buenos Aires, 75 km al noroeste de Capital Federal.<br>En su ingreso se distingue un arco de acero, inaugurado en 1964, que simboliza la industria sider\u00fargica y manifiesta el ideario rotario. <br>La ciudad est\u00e1 situada sobre el margen derecho del r\u00edo Paran\u00e1 de las Palmas \u2013 una v\u00eda de conexi\u00f3n entre Buenos Aires, Rosario y el litoral. Tiene una superficie de 954.54 km2 y en su extensi\u00f3n limita, al norte con el r\u00edo Paran\u00e1 Guaz\u00fa (que la separa de la provincia de Entre R\u00edos), al sur con el partido de Exaltaci\u00f3n de la Cruz, al este con Pilar y Escobar y al oeste con el vecino partido de Z\u00e1rate.  <br>Campana es sede de importantes industrias entre ellas refiner\u00edas de petr\u00f3leo, plantas agroindustriales y complejos sider\u00fargicos. Adem\u00e1s cuenta con un puerto, conformado por muelles y terminales independientes. <\/p><\/p>\n\n\n\n<p><strong>Museos<\/strong><\/p>\n\n\n\n<p><a href=\"https:\/\/museosvirtuales.net.ar\/index.php\/museodelautomovil\/\">Museo del Autom\u00f3vil<\/a> <\/p>\n\n\n\n<p><a href=\"https:\/\/museosvirtuales.net.ar\/index.php\/museodelferroviario\/\">Museo del Ferroviario<\/a> <\/p>\n\n\n\n<p><strong>Como llegar a Campana<\/strong><\/p>\n\n\n\n<p align=\"center\"><iframe src=\"https:\/\/www.google.com\/maps\/embed?pb=!1m18!1m12!1m3!1d105558.28678253398!2d-59.026029070271015!3d-34.23076803986273!2m3!1f0!2f0!3f0!3m2!1i1024!2i768!4f13.1!3m3!1m2!1s0x95bb723060430bad%3A0xaa31c9f685c849bf!2sCampana%2C%20Provincia%20de%20Buenos%20Aires!5e0!3m2!1ses!2sar!4v1650865017923!5m2!1ses!2sar\" width=\"600\" height=\"450\" style=\"border:0;\" allowfullscreen=\"\" loading=\"lazy\" referrerpolicy=\"no-referrer-when-downgrade\"><\/iframe><\/p>\n","protected":false},"excerpt":{"rendered":"<p>Campana est\u00e1 ubicada en la provincia de Buenos Aires, 75 km al noroeste de Capital Federal.En su ingreso se distingue un arco de acero, inaugurado en 1964, que simboliza la industria sider\u00fargica y manifiesta el ideario rotario. La ciudad est\u00e1 situada sobre el margen derecho del r\u00edo Paran\u00e1 de las Palmas \u2013 una v\u00eda de &hellip; <\/p>\n<p class=\"link-more\"><a href=\"https:\/\/museosvirtuales.net.ar\/index.php\/campana\/\" class=\"more-link\">Continue reading<span class=\"screen-reader-text\"> &#8220;Campana&#8221;<\/span><\/a><\/p>\n","protected":false},"author":1,"featured_media":0,"parent":0,"menu_order":0,"comment_status":"closed","ping_status":"closed","template":"","meta":[],"_links":{"self":[{"href":"https:\/\/museosvirtuales.net.ar\/index.php\/wp-json\/wp\/v2\/pages\/60"}],"collection":[{"href":"https:\/\/museosvirtuales.net.ar\/index.php\/wp-json\/wp\/v2\/pages"}],"about":[{"href":"https:\/\/museosvirtuales.net.ar\/index.php\/wp-json\/wp\/v2\/types\/page"}],"author":[{"embeddable":true,"href":"https:\/\/museosvirtuales.net.ar\/index.php\/wp-json\/wp\/v2\/users\/1"}],"replies":[{"embeddable":true,"href":"https:\/\/museosvirtuales.net.ar\/index.php\/wp-json\/wp\/v2\/comments?post=60"}],"version-history":[{"count":6,"href":"https:\/\/museosvirtuales.net.ar\/index.php\/wp-json\/wp\/v2\/pages\/60\/revisions"}],"predecessor-version":[{"id":230,"href":"https:\/\/museosvirtuales.net.ar\/index.php\/wp-json\/wp\/v2\/pages\/60\/revisions\/230"}],"wp:attachment":[{"href":"https:\/\/museosvirtuales.net.ar\/index.php\/wp-json\/wp\/v2\/media?parent=60"}],"curies":[{"name":"wp","href":"https:\/\/api.w.org\/{rel}","templated":true}]}}