{"id":81,"date":"2022-04-25T06:19:17","date_gmt":"2022-04-25T06:19:17","guid":{"rendered":"https:\/\/museosvirtuales.ar\/?page_id=81"},"modified":"2025-10-26T17:16:55","modified_gmt":"2025-10-26T17:16:55","slug":"capilla","status":"publish","type":"page","link":"https:\/\/museosvirtuales.net.ar\/index.php\/capilla\/","title":{"rendered":"Capilla del Se\u00f1or"},"content":{"rendered":"\n<div class=\"wp-block-image\"><figure class=\"aligncenter size-full\"><img loading=\"lazy\" width=\"793\" height=\"600\" src=\"https:\/\/museosvirtuales.ar\/wp-content\/uploads\/2022\/04\/Municipio-Capilla.jpg\" alt=\"\" class=\"wp-image-83\" srcset=\"https:\/\/museosvirtuales.net.ar\/wp-content\/uploads\/2022\/04\/Municipio-Capilla.jpg 793w, https:\/\/museosvirtuales.net.ar\/wp-content\/uploads\/2022\/04\/Municipio-Capilla-300x227.jpg 300w, https:\/\/museosvirtuales.net.ar\/wp-content\/uploads\/2022\/04\/Municipio-Capilla-768x581.jpg 768w\" sizes=\"(max-width: 767px) 89vw, (max-width: 1000px) 54vw, (max-width: 1071px) 543px, 580px\" \/><\/figure><\/div>\n\n\n\n<p><p align=\"justify\">Capilla del Se\u00f1or es la ciudad cabecera del partido de Exaltaci\u00f3n de la Cruz. Se ubica en el centro noreste de la provincia de Buenos Aires y se comunica por la ruta Provincial 39 con Pilar y Buenos Aires, y a trav\u00e9s de la ruta Nacional 193 con Zarate, Campana y Rosario. <br>Capilla del Se\u00f1or fue declarada Bien de Inter\u00e9s Hist\u00f3rico Nacional en el a\u00f1o 1994, porque conserva la cultura y naturaleza t\u00edpica del ambiente de pueblo aut\u00e9ntico de la pampa.<\/p><\/p>\n\n\n\n<p><strong>Museos<\/strong><\/p>\n\n\n\n<p><a href=\"https:\/\/museosvirtuales.net.ar\/index.php\/museodelperiodismo\/\">Museo del Periodismo Bonaerense<\/a><\/p>\n\n\n\n<p><strong>Como llegar a Capilla del Se\u00f1or<\/strong><\/p>\n\n\n\n<p align=\"center\"><iframe src=\"https:\/\/www.google.com\/maps\/embed?pb=!1m18!1m12!1m3!1d26372.02967811137!2d-59.12259320271011!3d-34.28670565472104!2m3!1f0!2f0!3f0!3m2!1i1024!2i768!4f13.1!3m3!1m2!1s0x95bb77ff67c54833%3A0x8a32c26f4bc7c0cb!2sCapilla%20del%20Se%C3%B1or%2C%20Provincia%20de%20Buenos%20Aires!5e0!3m2!1ses!2sar!4v1650867351608!5m2!1ses!2sar\" width=\"600\" height=\"450\" style=\"border:0;\" allowfullscreen=\"\" loading=\"lazy\" referrerpolicy=\"no-referrer-when-downgrade\"><\/iframe><\/p>\n","protected":false},"excerpt":{"rendered":"<p>Capilla del Se\u00f1or es la ciudad cabecera del partido de Exaltaci\u00f3n de la Cruz. Se ubica en el centro noreste de la provincia de Buenos Aires y se comunica por la ruta Provincial 39 con Pilar y Buenos Aires, y a trav\u00e9s de la ruta Nacional 193 con Zarate, Campana y Rosario. Capilla del Se\u00f1or &hellip; <\/p>\n<p class=\"link-more\"><a href=\"https:\/\/museosvirtuales.net.ar\/index.php\/capilla\/\" class=\"more-link\">Continue reading<span class=\"screen-reader-text\"> &#8220;Capilla del Se\u00f1or&#8221;<\/span><\/a><\/p>\n","protected":false},"author":1,"featured_media":0,"parent":0,"menu_order":0,"comment_status":"closed","ping_status":"closed","template":"","meta":[],"_links":{"self":[{"href":"https:\/\/museosvirtuales.net.ar\/index.php\/wp-json\/wp\/v2\/pages\/81"}],"collection":[{"href":"https:\/\/museosvirtuales.net.ar\/index.php\/wp-json\/wp\/v2\/pages"}],"about":[{"href":"https:\/\/museosvirtuales.net.ar\/index.php\/wp-json\/wp\/v2\/types\/page"}],"author":[{"embeddable":true,"href":"https:\/\/museosvirtuales.net.ar\/index.php\/wp-json\/wp\/v2\/users\/1"}],"replies":[{"embeddable":true,"href":"https:\/\/museosvirtuales.net.ar\/index.php\/wp-json\/wp\/v2\/comments?post=81"}],"version-history":[{"count":5,"href":"https:\/\/museosvirtuales.net.ar\/index.php\/wp-json\/wp\/v2\/pages\/81\/revisions"}],"predecessor-version":[{"id":236,"href":"https:\/\/museosvirtuales.net.ar\/index.php\/wp-json\/wp\/v2\/pages\/81\/revisions\/236"}],"wp:attachment":[{"href":"https:\/\/museosvirtuales.net.ar\/index.php\/wp-json\/wp\/v2\/media?parent=81"}],"curies":[{"name":"wp","href":"https:\/\/api.w.org\/{rel}","templated":true}]}}