{"id":92,"date":"2022-04-25T06:56:50","date_gmt":"2022-04-25T06:56:50","guid":{"rendered":"https:\/\/museosvirtuales.ar\/?page_id=92"},"modified":"2025-10-26T17:19:58","modified_gmt":"2025-10-26T17:19:58","slug":"museoalcaldelorenzolopez","status":"publish","type":"page","link":"https:\/\/museosvirtuales.net.ar\/index.php\/museoalcaldelorenzolopez\/","title":{"rendered":"Museo Alcalde Lorenzo L\u00f3pez"},"content":{"rendered":"\n<div class=\"wp-block-image\"><figure class=\"aligncenter size-large\"><img loading=\"lazy\" width=\"1024\" height=\"625\" src=\"https:\/\/museosvirtuales.ar\/wp-content\/uploads\/2022\/04\/IMG_20190325_094818-1024x625.jpg\" alt=\"\" class=\"wp-image-96\" srcset=\"https:\/\/museosvirtuales.net.ar\/wp-content\/uploads\/2022\/04\/IMG_20190325_094818-1024x625.jpg 1024w, https:\/\/museosvirtuales.net.ar\/wp-content\/uploads\/2022\/04\/IMG_20190325_094818-300x183.jpg 300w, https:\/\/museosvirtuales.net.ar\/wp-content\/uploads\/2022\/04\/IMG_20190325_094818-768x469.jpg 768w, https:\/\/museosvirtuales.net.ar\/wp-content\/uploads\/2022\/04\/IMG_20190325_094818-1536x938.jpg 1536w, https:\/\/museosvirtuales.net.ar\/wp-content\/uploads\/2022\/04\/IMG_20190325_094818-2048x1251.jpg 2048w\" sizes=\"(max-width: 767px) 89vw, (max-width: 1000px) 54vw, (max-width: 1071px) 543px, 580px\" \/><\/figure><\/div>\n\n\n\n<p><p align=\"justify\">El Museo Municipal de Pilar \u201cAlcalde Lorenzo L\u00f3pez\u201d expone un espacio exclusivo donde es posible conocer mejor la historia de este Distrito. Cuenta con salas hist\u00f3ricas para preservar y resguardar todo el material que tiene que ver con las ra\u00edces y los recuerdos de Pilar. Tambi\u00e9n hay una \u201cSala Itinerante\u201d que se va modificando mensualmente para que quienes se acercan al museo puedan encontrar a lo largo del tiempo, distintos aspectos que tienen que ver con la vida de Pilar.<br>Adem\u00e1s tiene un terreno de 20 metros de frente por 63 de fondo, lo que permite contar con un parque para realizar much\u00edsimas actividades y talleres.<br>La reinauguraci\u00f3n fue realizada el 12 de noviembre de 2010 ante cientos de personas. Anteriormente el museo se encontraba en el ala lateral de la Parroquia, sobre la calle Belgrano.<br>Debido a la necesidad de rescatar la identidad de Pilar y la fuerza que tiene nuestra historia, es que el museo tiene desde noviembre de 2010 un nuevo hogar, formado gracias a todos aquellos que hicieron sus aportes para que se pudiera concretar el proyecto.<p>\n\n\n\n<p><a href=\"https:\/\/museosvirtuales.net.ar\/visitas\/pilar\/museolorenzolopez.html\">Visita Virtual<\/a><\/p>\n","protected":false},"excerpt":{"rendered":"<p>El Museo Municipal de Pilar \u201cAlcalde Lorenzo L\u00f3pez\u201d expone un espacio exclusivo donde es posible conocer mejor la historia de este Distrito. Cuenta con salas hist\u00f3ricas para preservar y resguardar todo el material que tiene que ver con las ra\u00edces y los recuerdos de Pilar. Tambi\u00e9n hay una \u201cSala Itinerante\u201d que se va modificando mensualmente &hellip; <\/p>\n<p class=\"link-more\"><a href=\"https:\/\/museosvirtuales.net.ar\/index.php\/museoalcaldelorenzolopez\/\" class=\"more-link\">Continue reading<span class=\"screen-reader-text\"> &#8220;Museo Alcalde Lorenzo L\u00f3pez&#8221;<\/span><\/a><\/p>\n","protected":false},"author":1,"featured_media":0,"parent":0,"menu_order":0,"comment_status":"closed","ping_status":"closed","template":"","meta":[],"_links":{"self":[{"href":"https:\/\/museosvirtuales.net.ar\/index.php\/wp-json\/wp\/v2\/pages\/92"}],"collection":[{"href":"https:\/\/museosvirtuales.net.ar\/index.php\/wp-json\/wp\/v2\/pages"}],"about":[{"href":"https:\/\/museosvirtuales.net.ar\/index.php\/wp-json\/wp\/v2\/types\/page"}],"author":[{"embeddable":true,"href":"https:\/\/museosvirtuales.net.ar\/index.php\/wp-json\/wp\/v2\/users\/1"}],"replies":[{"embeddable":true,"href":"https:\/\/museosvirtuales.net.ar\/index.php\/wp-json\/wp\/v2\/comments?post=92"}],"version-history":[{"count":3,"href":"https:\/\/museosvirtuales.net.ar\/index.php\/wp-json\/wp\/v2\/pages\/92\/revisions"}],"predecessor-version":[{"id":239,"href":"https:\/\/museosvirtuales.net.ar\/index.php\/wp-json\/wp\/v2\/pages\/92\/revisions\/239"}],"wp:attachment":[{"href":"https:\/\/museosvirtuales.net.ar\/index.php\/wp-json\/wp\/v2\/media?parent=92"}],"curies":[{"name":"wp","href":"https:\/\/api.w.org\/{rel}","templated":true}]}}