{"id":93,"date":"2022-04-25T06:57:34","date_gmt":"2022-04-25T06:57:34","guid":{"rendered":"https:\/\/museosvirtuales.ar\/?page_id=93"},"modified":"2025-10-26T17:20:27","modified_gmt":"2025-10-26T17:20:27","slug":"museoparroquial","status":"publish","type":"page","link":"https:\/\/museosvirtuales.net.ar\/index.php\/museoparroquial\/","title":{"rendered":"Museo Parroquial &#8220;Jos\u00e9 Ram\u00f3n de la Villa&#8221;"},"content":{"rendered":"\n<div class=\"wp-block-image\"><figure class=\"aligncenter size-large\"><img loading=\"lazy\" width=\"1024\" height=\"669\" src=\"https:\/\/museosvirtuales.ar\/wp-content\/uploads\/2022\/04\/Frente-reliogioso-pilar-1024x669.jpg\" alt=\"\" class=\"wp-image-98\" srcset=\"https:\/\/museosvirtuales.net.ar\/wp-content\/uploads\/2022\/04\/Frente-reliogioso-pilar-1024x669.jpg 1024w, https:\/\/museosvirtuales.net.ar\/wp-content\/uploads\/2022\/04\/Frente-reliogioso-pilar-300x196.jpg 300w, https:\/\/museosvirtuales.net.ar\/wp-content\/uploads\/2022\/04\/Frente-reliogioso-pilar-768x502.jpg 768w, https:\/\/museosvirtuales.net.ar\/wp-content\/uploads\/2022\/04\/Frente-reliogioso-pilar-1536x1004.jpg 1536w, https:\/\/museosvirtuales.net.ar\/wp-content\/uploads\/2022\/04\/Frente-reliogioso-pilar-2048x1338.jpg 2048w\" sizes=\"(max-width: 767px) 89vw, (max-width: 1000px) 54vw, (max-width: 1071px) 543px, 580px\" \/><\/figure><\/div>\n\n\n\n<p><p align=\"justify\">En el edificio m\u00e1s antiguo y emblem\u00e1tico de Pilar, que identifica a la ciudad y al partido, el museo contiene documentos y piezas religiosas, vinculadas al origen de la poblaci\u00f3n de Pilar. La exhibici\u00f3n est\u00e1 pensada para que sea din\u00e1mica y did\u00e1ctica. De tal modo tratar\u00e1 de ser un insumo necesario para estudiantes e investigadores, que podr\u00e1n visitarlo.<br>Aludir al \u201cPadre Jos\u00e9 Ram\u00f3n de la Villa\u201d es un merecido reconocimiento al que fuera p\u00e1rroco de \u201cNuestra Sra. del Pilar\u201d durante algo m\u00e1s de 30 a\u00f1os (1979-2010), que acompa\u00f1\u00f3 el crecimiento de la zona y llev\u00f3 adelante numerosos proyectos pastorales (entre ellos el museo) que sirvieron para realizar una gran tarea de evangelizaci\u00f3n.<p>\n\n\n\n<p><a href=\"https:\/\/museosvirtuales.net.ar\/visitas\/pilar\/museoreligiosodepilar.html\">Visita Virtual<\/a><\/p>\n","protected":false},"excerpt":{"rendered":"<p>En el edificio m\u00e1s antiguo y emblem\u00e1tico de Pilar, que identifica a la ciudad y al partido, el museo contiene documentos y piezas religiosas, vinculadas al origen de la poblaci\u00f3n de Pilar. La exhibici\u00f3n est\u00e1 pensada para que sea din\u00e1mica y did\u00e1ctica. De tal modo tratar\u00e1 de ser un insumo necesario para estudiantes e investigadores, &hellip; <\/p>\n<p class=\"link-more\"><a href=\"https:\/\/museosvirtuales.net.ar\/index.php\/museoparroquial\/\" class=\"more-link\">Continue reading<span class=\"screen-reader-text\"> &#8220;Museo Parroquial &#8220;Jos\u00e9 Ram\u00f3n de la Villa&#8221;&#8221;<\/span><\/a><\/p>\n","protected":false},"author":1,"featured_media":0,"parent":0,"menu_order":0,"comment_status":"closed","ping_status":"closed","template":"","meta":[],"_links":{"self":[{"href":"https:\/\/museosvirtuales.net.ar\/index.php\/wp-json\/wp\/v2\/pages\/93"}],"collection":[{"href":"https:\/\/museosvirtuales.net.ar\/index.php\/wp-json\/wp\/v2\/pages"}],"about":[{"href":"https:\/\/museosvirtuales.net.ar\/index.php\/wp-json\/wp\/v2\/types\/page"}],"author":[{"embeddable":true,"href":"https:\/\/museosvirtuales.net.ar\/index.php\/wp-json\/wp\/v2\/users\/1"}],"replies":[{"embeddable":true,"href":"https:\/\/museosvirtuales.net.ar\/index.php\/wp-json\/wp\/v2\/comments?post=93"}],"version-history":[{"count":2,"href":"https:\/\/museosvirtuales.net.ar\/index.php\/wp-json\/wp\/v2\/pages\/93\/revisions"}],"predecessor-version":[{"id":240,"href":"https:\/\/museosvirtuales.net.ar\/index.php\/wp-json\/wp\/v2\/pages\/93\/revisions\/240"}],"wp:attachment":[{"href":"https:\/\/museosvirtuales.net.ar\/index.php\/wp-json\/wp\/v2\/media?parent=93"}],"curies":[{"name":"wp","href":"https:\/\/api.w.org\/{rel}","templated":true}]}}